{"id":4822,"date":"2026-04-02T19:20:49","date_gmt":"2026-04-02T17:20:49","guid":{"rendered":"https:\/\/mamscouture.fr\/?post_type=product&#038;p=4822"},"modified":"2026-04-02T19:21:38","modified_gmt":"2026-04-02T17:21:38","slug":"tenue-naissance-maille-bleu-ciel","status":"publish","type":"product","link":"https:\/\/mamscouture.fr\/?product=tenue-naissance-maille-bleu-ciel","title":{"rendered":"Tenue naissance maille bleu ciel"},"content":{"rendered":"<p><span class=\"html-span xexx8yu xyri2b x18d9i69 x1c1uobl x1hl2dhg x16tdsg8 x1vvkbs x3nfvp2 x1j61x8r x1fcty0u xdj266r xat24cr xm2jcoa x1mpyi22 xxymvpz xlup9mm x1kky2od\"><img decoding=\"async\" class=\"xz74otr x15mokao x1ga7v0g x16uus16 xbiv7yw\" src=\"https:\/\/static.xx.fbcdn.net\/images\/emoji.php\/v9\/tc0\/2\/16\/1f9f6.png\" alt=\"\ud83e\uddf6\" width=\"16\" height=\"16\" \/><\/span>Offrez un cadeau personnalis\u00e9 unique avec cet ensemble b\u00e9b\u00e9 brod\u00e9. Id\u00e9al pour une tenue de naissance originale et chaleureuse, ce trousseau personnalis\u00e9 avec le pr\u00e9nom de b\u00e9b\u00e9 sera parfait pour la maternit\u00e9 ou une s\u00e9ance photo. Chaque ensemble est realis\u00e9 avec des mat\u00e9riaux doux pour la peau fragile de b\u00e9b\u00e9, dans des couleurs apaisantes et modernes.&#8221; Certifi\u00e9 oeko-tex.<span class=\"html-span xexx8yu xyri2b x18d9i69 x1c1uobl x1hl2dhg x16tdsg8 x1vvkbs x3nfvp2 x1j61x8r x1fcty0u xdj266r xat24cr xm2jcoa x1mpyi22 xxymvpz xlup9mm x1kky2od\"><img decoding=\"async\" class=\"xz74otr x15mokao x1ga7v0g x16uus16 xbiv7yw\" src=\"https:\/\/static.xx.fbcdn.net\/images\/emoji.php\/v9\/tc0\/2\/16\/1f9f6.png\" alt=\"\ud83e\uddf6\" width=\"16\" height=\"16\" \/><\/span><\/p>\n","protected":false},"excerpt":{"rendered":"<p>Offrez un cadeau personnalis\u00e9 unique avec cet ensemble b\u00e9b\u00e9 brod\u00e9. Id\u00e9al pour une tenue de naissance originale et chaleureuse, ce [&hellip;]<\/p>\n","protected":false},"featured_media":4821,"comment_status":"open","ping_status":"closed","template":"","meta":{"site-sidebar-layout":"default","site-content-layout":"","ast-site-content-layout":"default","site-content-style":"default","site-sidebar-style":"default","ast-global-header-display":"","ast-banner-title-visibility":"","ast-main-header-display":"","ast-hfb-above-header-display":"","ast-hfb-below-header-display":"","ast-hfb-mobile-header-display":"","site-post-title":"","ast-breadcrumbs-content":"","ast-featured-img":"","footer-sml-layout":"","theme-transparent-header-meta":"default","adv-header-id-meta":"","stick-header-meta":"","header-above-stick-meta":"","header-main-stick-meta":"","header-below-stick-meta":"","astra-migrate-meta-layouts":"set","ast-page-background-enabled":"default","ast-page-background-meta":{"desktop":{"background-color":"var(--ast-global-color-4)","background-image":"","background-repeat":"repeat","background-position":"center center","background-size":"auto","background-attachment":"scroll","background-type":"","background-media":"","overlay-type":"","overlay-color":"","overlay-opacity":"","overlay-gradient":""},"tablet":{"background-color":"","background-image":"","background-repeat":"repeat","background-position":"center center","background-size":"auto","background-attachment":"scroll","background-type":"","background-media":"","overlay-type":"","overlay-color":"","overlay-opacity":"","overlay-gradient":""},"mobile":{"background-color":"","background-image":"","background-repeat":"repeat","background-position":"center center","background-size":"auto","background-attachment":"scroll","background-type":"","background-media":"","overlay-type":"","overlay-color":"","overlay-opacity":"","overlay-gradient":""}},"ast-content-background-meta":{"desktop":{"background-color":"var(--ast-global-color-5)","background-image":"","background-repeat":"repeat","background-position":"center center","background-size":"auto","background-attachment":"scroll","background-type":"","background-media":"","overlay-type":"","overlay-color":"","overlay-opacity":"","overlay-gradient":""},"tablet":{"background-color":"var(--ast-global-color-5)","background-image":"","background-repeat":"repeat","background-position":"center center","background-size":"auto","background-attachment":"scroll","background-type":"","background-media":"","overlay-type":"","overlay-color":"","overlay-opacity":"","overlay-gradient":""},"mobile":{"background-color":"var(--ast-global-color-5)","background-image":"","background-repeat":"repeat","background-position":"center center","background-size":"auto","background-attachment":"scroll","background-type":"","background-media":"","overlay-type":"","overlay-color":"","overlay-opacity":"","overlay-gradient":""}}},"product_cat":[108],"product_tag":[],"class_list":{"0":"post-4822","1":"product","2":"type-product","3":"status-publish","4":"has-post-thumbnail","6":"product_cat-article-en-maille","7":"desktop-align-left","8":"tablet-align-left","9":"mobile-align-left","11":"first","12":"instock","13":"shipping-taxable","14":"purchasable","15":"product-type-simple"},"yoast_head":"<!-- This site is optimized with the Yoast SEO plugin v23.4 - https:\/\/yoast.com\/wordpress\/plugins\/seo\/ -->\n<title>Tenue naissance maille bleu ciel - Mam&#039;s couture<\/title>\n<meta name=\"robots\" content=\"index, follow, max-snippet:-1, max-image-preview:large, max-video-preview:-1\" \/>\n<link rel=\"canonical\" href=\"https:\/\/mamscouture.fr\/?product=tenue-naissance-maille-bleu-ciel\" \/>\n<meta property=\"og:locale\" content=\"fr_FR\" \/>\n<meta property=\"og:type\" content=\"article\" \/>\n<meta property=\"og:title\" content=\"Tenue naissance maille bleu ciel - Mam&#039;s couture\" \/>\n<meta property=\"og:description\" content=\"Offrez un cadeau personnalis\u00e9 unique avec cet ensemble b\u00e9b\u00e9 brod\u00e9. Id\u00e9al pour une tenue de naissance originale et chaleureuse, ce [&hellip;]\" \/>\n<meta property=\"og:url\" content=\"https:\/\/mamscouture.fr\/?product=tenue-naissance-maille-bleu-ciel\" \/>\n<meta property=\"og:site_name\" content=\"Mam&#039;s couture\" \/>\n<meta property=\"article:modified_time\" content=\"2026-04-02T17:21:38+00:00\" \/>\n<meta property=\"og:image\" content=\"https:\/\/mamscouture.fr\/wp-content\/uploads\/2026\/04\/4E2BFBF1-0525-489A-ACE8-B6EBFAFFE7F6.jpeg\" \/>\n\t<meta property=\"og:image:width\" content=\"414\" \/>\n\t<meta property=\"og:image:height\" content=\"414\" \/>\n\t<meta property=\"og:image:type\" content=\"image\/jpeg\" \/>\n<meta name=\"twitter:card\" content=\"summary_large_image\" \/>\n<meta name=\"twitter:label1\" content=\"Dur\u00e9e de lecture estim\u00e9e\" \/>\n\t<meta name=\"twitter:data1\" content=\"1 minute\" \/>\n<script type=\"application\/ld+json\" class=\"yoast-schema-graph\">{\"@context\":\"https:\/\/schema.org\",\"@graph\":[{\"@type\":\"WebPage\",\"@id\":\"https:\/\/mamscouture.fr\/?product=tenue-naissance-maille-bleu-ciel\",\"url\":\"https:\/\/mamscouture.fr\/?product=tenue-naissance-maille-bleu-ciel\",\"name\":\"Tenue naissance maille bleu ciel - Mam&#039;s couture\",\"isPartOf\":{\"@id\":\"https:\/\/mamscouture.fr\/#website\"},\"primaryImageOfPage\":{\"@id\":\"https:\/\/mamscouture.fr\/?product=tenue-naissance-maille-bleu-ciel#primaryimage\"},\"image\":{\"@id\":\"https:\/\/mamscouture.fr\/?product=tenue-naissance-maille-bleu-ciel#primaryimage\"},\"thumbnailUrl\":\"https:\/\/mamscouture.fr\/wp-content\/uploads\/2026\/04\/4E2BFBF1-0525-489A-ACE8-B6EBFAFFE7F6.jpeg\",\"datePublished\":\"2026-04-02T17:20:49+00:00\",\"dateModified\":\"2026-04-02T17:21:38+00:00\",\"breadcrumb\":{\"@id\":\"https:\/\/mamscouture.fr\/?product=tenue-naissance-maille-bleu-ciel#breadcrumb\"},\"inLanguage\":\"fr-FR\",\"potentialAction\":[{\"@type\":\"ReadAction\",\"target\":[\"https:\/\/mamscouture.fr\/?product=tenue-naissance-maille-bleu-ciel\"]}]},{\"@type\":\"ImageObject\",\"inLanguage\":\"fr-FR\",\"@id\":\"https:\/\/mamscouture.fr\/?product=tenue-naissance-maille-bleu-ciel#primaryimage\",\"url\":\"https:\/\/mamscouture.fr\/wp-content\/uploads\/2026\/04\/4E2BFBF1-0525-489A-ACE8-B6EBFAFFE7F6.jpeg\",\"contentUrl\":\"https:\/\/mamscouture.fr\/wp-content\/uploads\/2026\/04\/4E2BFBF1-0525-489A-ACE8-B6EBFAFFE7F6.jpeg\",\"width\":414,\"height\":414},{\"@type\":\"BreadcrumbList\",\"@id\":\"https:\/\/mamscouture.fr\/?product=tenue-naissance-maille-bleu-ciel#breadcrumb\",\"itemListElement\":[{\"@type\":\"ListItem\",\"position\":1,\"name\":\"Accueil\",\"item\":\"https:\/\/mamscouture.fr\/\"},{\"@type\":\"ListItem\",\"position\":2,\"name\":\"Boutique\",\"item\":\"https:\/\/mamscouture.fr\/?page_id=6\"},{\"@type\":\"ListItem\",\"position\":3,\"name\":\"Tenue naissance maille bleu ciel\"}]},{\"@type\":\"WebSite\",\"@id\":\"https:\/\/mamscouture.fr\/#website\",\"url\":\"https:\/\/mamscouture.fr\/\",\"name\":\"Mam&#039;s couture\",\"description\":\"Un site utilisant WordPress\",\"potentialAction\":[{\"@type\":\"SearchAction\",\"target\":{\"@type\":\"EntryPoint\",\"urlTemplate\":\"https:\/\/mamscouture.fr\/?s={search_term_string}\"},\"query-input\":{\"@type\":\"PropertyValueSpecification\",\"valueRequired\":true,\"valueName\":\"search_term_string\"}}],\"inLanguage\":\"fr-FR\"}]}<\/script>\n<!-- \/ Yoast SEO plugin. -->","yoast_head_json":{"title":"Tenue naissance maille bleu ciel - Mam&#039;s couture","robots":{"index":"index","follow":"follow","max-snippet":"max-snippet:-1","max-image-preview":"max-image-preview:large","max-video-preview":"max-video-preview:-1"},"canonical":"https:\/\/mamscouture.fr\/?product=tenue-naissance-maille-bleu-ciel","og_locale":"fr_FR","og_type":"article","og_title":"Tenue naissance maille bleu ciel - Mam&#039;s couture","og_description":"Offrez un cadeau personnalis\u00e9 unique avec cet ensemble b\u00e9b\u00e9 brod\u00e9. Id\u00e9al pour une tenue de naissance originale et chaleureuse, ce [&hellip;]","og_url":"https:\/\/mamscouture.fr\/?product=tenue-naissance-maille-bleu-ciel","og_site_name":"Mam&#039;s couture","article_modified_time":"2026-04-02T17:21:38+00:00","og_image":[{"width":414,"height":414,"url":"https:\/\/mamscouture.fr\/wp-content\/uploads\/2026\/04\/4E2BFBF1-0525-489A-ACE8-B6EBFAFFE7F6.jpeg","type":"image\/jpeg"}],"twitter_card":"summary_large_image","twitter_misc":{"Dur\u00e9e de lecture estim\u00e9e":"1 minute"},"schema":{"@context":"https:\/\/schema.org","@graph":[{"@type":"WebPage","@id":"https:\/\/mamscouture.fr\/?product=tenue-naissance-maille-bleu-ciel","url":"https:\/\/mamscouture.fr\/?product=tenue-naissance-maille-bleu-ciel","name":"Tenue naissance maille bleu ciel - Mam&#039;s couture","isPartOf":{"@id":"https:\/\/mamscouture.fr\/#website"},"primaryImageOfPage":{"@id":"https:\/\/mamscouture.fr\/?product=tenue-naissance-maille-bleu-ciel#primaryimage"},"image":{"@id":"https:\/\/mamscouture.fr\/?product=tenue-naissance-maille-bleu-ciel#primaryimage"},"thumbnailUrl":"https:\/\/mamscouture.fr\/wp-content\/uploads\/2026\/04\/4E2BFBF1-0525-489A-ACE8-B6EBFAFFE7F6.jpeg","datePublished":"2026-04-02T17:20:49+00:00","dateModified":"2026-04-02T17:21:38+00:00","breadcrumb":{"@id":"https:\/\/mamscouture.fr\/?product=tenue-naissance-maille-bleu-ciel#breadcrumb"},"inLanguage":"fr-FR","potentialAction":[{"@type":"ReadAction","target":["https:\/\/mamscouture.fr\/?product=tenue-naissance-maille-bleu-ciel"]}]},{"@type":"ImageObject","inLanguage":"fr-FR","@id":"https:\/\/mamscouture.fr\/?product=tenue-naissance-maille-bleu-ciel#primaryimage","url":"https:\/\/mamscouture.fr\/wp-content\/uploads\/2026\/04\/4E2BFBF1-0525-489A-ACE8-B6EBFAFFE7F6.jpeg","contentUrl":"https:\/\/mamscouture.fr\/wp-content\/uploads\/2026\/04\/4E2BFBF1-0525-489A-ACE8-B6EBFAFFE7F6.jpeg","width":414,"height":414},{"@type":"BreadcrumbList","@id":"https:\/\/mamscouture.fr\/?product=tenue-naissance-maille-bleu-ciel#breadcrumb","itemListElement":[{"@type":"ListItem","position":1,"name":"Accueil","item":"https:\/\/mamscouture.fr\/"},{"@type":"ListItem","position":2,"name":"Boutique","item":"https:\/\/mamscouture.fr\/?page_id=6"},{"@type":"ListItem","position":3,"name":"Tenue naissance maille bleu ciel"}]},{"@type":"WebSite","@id":"https:\/\/mamscouture.fr\/#website","url":"https:\/\/mamscouture.fr\/","name":"Mam&#039;s couture","description":"Un site utilisant WordPress","potentialAction":[{"@type":"SearchAction","target":{"@type":"EntryPoint","urlTemplate":"https:\/\/mamscouture.fr\/?s={search_term_string}"},"query-input":{"@type":"PropertyValueSpecification","valueRequired":true,"valueName":"search_term_string"}}],"inLanguage":"fr-FR"}]}},"jetpack_sharing_enabled":true,"_links":{"self":[{"href":"https:\/\/mamscouture.fr\/index.php?rest_route=\/wp\/v2\/product\/4822","targetHints":{"allow":["GET"]}}],"collection":[{"href":"https:\/\/mamscouture.fr\/index.php?rest_route=\/wp\/v2\/product"}],"about":[{"href":"https:\/\/mamscouture.fr\/index.php?rest_route=\/wp\/v2\/types\/product"}],"replies":[{"embeddable":true,"href":"https:\/\/mamscouture.fr\/index.php?rest_route=%2Fwp%2Fv2%2Fcomments&post=4822"}],"wp:featuredmedia":[{"embeddable":true,"href":"https:\/\/mamscouture.fr\/index.php?rest_route=\/wp\/v2\/media\/4821"}],"wp:attachment":[{"href":"https:\/\/mamscouture.fr\/index.php?rest_route=%2Fwp%2Fv2%2Fmedia&parent=4822"}],"wp:term":[{"taxonomy":"product_cat","embeddable":true,"href":"https:\/\/mamscouture.fr\/index.php?rest_route=%2Fwp%2Fv2%2Fproduct_cat&post=4822"},{"taxonomy":"product_tag","embeddable":true,"href":"https:\/\/mamscouture.fr\/index.php?rest_route=%2Fwp%2Fv2%2Fproduct_tag&post=4822"}],"curies":[{"name":"wp","href":"https:\/\/api.w.org\/{rel}","templated":true}]}}