{"id":4082,"date":"2026-01-05T09:23:56","date_gmt":"2026-01-05T08:23:56","guid":{"rendered":"https:\/\/mamscouture.fr\/?post_type=product&#038;p=4082"},"modified":"2026-04-02T23:21:50","modified_gmt":"2026-04-02T21:21:50","slug":"coussin-40x40","status":"publish","type":"product","link":"https:\/\/mamscouture.fr\/?product=coussin-40x40","title":{"rendered":"coussin 40X40"},"content":{"rendered":"<p>Coussin personnalis\u00e9 cadeau doux pour chambre d&#8217;enfant<\/p>\n<p>C\u00e9l\u00e9brez votre tout-petit avec ce coussin fait main, doux et moelleux, sp\u00e9cialement con\u00e7u pour lui. Personnalis\u00e9 avec un pr\u00e9nom brod\u00e9 et confectionn\u00e9 dans le th\u00e8me que vous aurez choisi (au moment de passer la commande) c&#8217;est le souvenir id\u00e9al pour une baby shower, un bapt\u00eame ou une d\u00e9coration de chambre d&#8217;enfant.<\/p>\n<p>1 face motif &amp; \u00a01 face uni<\/p>\n<p>Si vous souhaitez voir le tissu utiliser pour la confection de votre tissu h\u00e9sitez pas \u00e0 me contacter si non laissez libre la cr\u00e9atrice le th\u00e8me sera respecter si vous mettez pas de pr\u00e9nom indiquer fille ou gar\u00e7on merci<\/p>\n","protected":false},"excerpt":{"rendered":"<p>Coussin personnalis\u00e9 cadeau doux pour chambre d&#8217;enfant C\u00e9l\u00e9brez votre tout-petit avec ce coussin fait main, doux et moelleux, sp\u00e9cialement con\u00e7u [&hellip;]<\/p>\n","protected":false},"featured_media":4084,"comment_status":"open","ping_status":"closed","template":"","meta":{"site-sidebar-layout":"default","site-content-layout":"","ast-site-content-layout":"default","site-content-style":"default","site-sidebar-style":"default","ast-global-header-display":"","ast-banner-title-visibility":"","ast-main-header-display":"","ast-hfb-above-header-display":"","ast-hfb-below-header-display":"","ast-hfb-mobile-header-display":"","site-post-title":"","ast-breadcrumbs-content":"","ast-featured-img":"","footer-sml-layout":"","theme-transparent-header-meta":"default","adv-header-id-meta":"","stick-header-meta":"","header-above-stick-meta":"","header-main-stick-meta":"","header-below-stick-meta":"","astra-migrate-meta-layouts":"set","ast-page-background-enabled":"default","ast-page-background-meta":{"desktop":{"background-color":"var(--ast-global-color-4)","background-image":"","background-repeat":"repeat","background-position":"center center","background-size":"auto","background-attachment":"scroll","background-type":"","background-media":"","overlay-type":"","overlay-color":"","overlay-opacity":"","overlay-gradient":""},"tablet":{"background-color":"","background-image":"","background-repeat":"repeat","background-position":"center center","background-size":"auto","background-attachment":"scroll","background-type":"","background-media":"","overlay-type":"","overlay-color":"","overlay-opacity":"","overlay-gradient":""},"mobile":{"background-color":"","background-image":"","background-repeat":"repeat","background-position":"center center","background-size":"auto","background-attachment":"scroll","background-type":"","background-media":"","overlay-type":"","overlay-color":"","overlay-opacity":"","overlay-gradient":""}},"ast-content-background-meta":{"desktop":{"background-color":"var(--ast-global-color-5)","background-image":"","background-repeat":"repeat","background-position":"center center","background-size":"auto","background-attachment":"scroll","background-type":"","background-media":"","overlay-type":"","overlay-color":"","overlay-opacity":"","overlay-gradient":""},"tablet":{"background-color":"var(--ast-global-color-5)","background-image":"","background-repeat":"repeat","background-position":"center center","background-size":"auto","background-attachment":"scroll","background-type":"","background-media":"","overlay-type":"","overlay-color":"","overlay-opacity":"","overlay-gradient":""},"mobile":{"background-color":"var(--ast-global-color-5)","background-image":"","background-repeat":"repeat","background-position":"center center","background-size":"auto","background-attachment":"scroll","background-type":"","background-media":"","overlay-type":"","overlay-color":"","overlay-opacity":"","overlay-gradient":""}}},"product_cat":[122],"product_tag":[],"class_list":{"0":"post-4082","1":"product","2":"type-product","3":"status-publish","4":"has-post-thumbnail","6":"product_cat-coussin","7":"desktop-align-left","8":"tablet-align-left","9":"mobile-align-left","11":"first","12":"instock","13":"shipping-taxable","14":"purchasable","15":"product-type-simple"},"yoast_head":"<!-- This site is optimized with the Yoast SEO plugin v23.4 - https:\/\/yoast.com\/wordpress\/plugins\/seo\/ -->\n<title>coussin 40X40 - Mam&#039;s couture<\/title>\n<meta name=\"robots\" content=\"index, follow, max-snippet:-1, max-image-preview:large, max-video-preview:-1\" \/>\n<link rel=\"canonical\" href=\"https:\/\/mamscouture.fr\/?product=coussin-40x40\" \/>\n<meta property=\"og:locale\" content=\"fr_FR\" \/>\n<meta property=\"og:type\" content=\"article\" \/>\n<meta property=\"og:title\" content=\"coussin 40X40 - Mam&#039;s couture\" \/>\n<meta property=\"og:description\" content=\"Coussin personnalis\u00e9 cadeau doux pour chambre d&#8217;enfant C\u00e9l\u00e9brez votre tout-petit avec ce coussin fait main, doux et moelleux, sp\u00e9cialement con\u00e7u [&hellip;]\" \/>\n<meta property=\"og:url\" content=\"https:\/\/mamscouture.fr\/?product=coussin-40x40\" \/>\n<meta property=\"og:site_name\" content=\"Mam&#039;s couture\" \/>\n<meta property=\"article:modified_time\" content=\"2026-04-02T21:21:50+00:00\" \/>\n<meta property=\"og:image\" content=\"https:\/\/mamscouture.fr\/wp-content\/uploads\/2026\/01\/F21C9B44-2038-40A9-B94B-4398ABC31F8B.jpeg\" \/>\n\t<meta property=\"og:image:width\" content=\"414\" \/>\n\t<meta property=\"og:image:height\" content=\"414\" \/>\n\t<meta property=\"og:image:type\" content=\"image\/jpeg\" \/>\n<meta name=\"twitter:card\" content=\"summary_large_image\" \/>\n<meta name=\"twitter:label1\" content=\"Dur\u00e9e de lecture estim\u00e9e\" \/>\n\t<meta name=\"twitter:data1\" content=\"1 minute\" \/>\n<script type=\"application\/ld+json\" class=\"yoast-schema-graph\">{\"@context\":\"https:\/\/schema.org\",\"@graph\":[{\"@type\":\"WebPage\",\"@id\":\"https:\/\/mamscouture.fr\/?product=coussin-40x40\",\"url\":\"https:\/\/mamscouture.fr\/?product=coussin-40x40\",\"name\":\"coussin 40X40 - Mam&#039;s couture\",\"isPartOf\":{\"@id\":\"https:\/\/mamscouture.fr\/#website\"},\"primaryImageOfPage\":{\"@id\":\"https:\/\/mamscouture.fr\/?product=coussin-40x40#primaryimage\"},\"image\":{\"@id\":\"https:\/\/mamscouture.fr\/?product=coussin-40x40#primaryimage\"},\"thumbnailUrl\":\"https:\/\/mamscouture.fr\/wp-content\/uploads\/2026\/01\/F21C9B44-2038-40A9-B94B-4398ABC31F8B.jpeg\",\"datePublished\":\"2026-01-05T08:23:56+00:00\",\"dateModified\":\"2026-04-02T21:21:50+00:00\",\"breadcrumb\":{\"@id\":\"https:\/\/mamscouture.fr\/?product=coussin-40x40#breadcrumb\"},\"inLanguage\":\"fr-FR\",\"potentialAction\":[{\"@type\":\"ReadAction\",\"target\":[\"https:\/\/mamscouture.fr\/?product=coussin-40x40\"]}]},{\"@type\":\"ImageObject\",\"inLanguage\":\"fr-FR\",\"@id\":\"https:\/\/mamscouture.fr\/?product=coussin-40x40#primaryimage\",\"url\":\"https:\/\/mamscouture.fr\/wp-content\/uploads\/2026\/01\/F21C9B44-2038-40A9-B94B-4398ABC31F8B.jpeg\",\"contentUrl\":\"https:\/\/mamscouture.fr\/wp-content\/uploads\/2026\/01\/F21C9B44-2038-40A9-B94B-4398ABC31F8B.jpeg\",\"width\":414,\"height\":414},{\"@type\":\"BreadcrumbList\",\"@id\":\"https:\/\/mamscouture.fr\/?product=coussin-40x40#breadcrumb\",\"itemListElement\":[{\"@type\":\"ListItem\",\"position\":1,\"name\":\"Accueil\",\"item\":\"https:\/\/mamscouture.fr\/\"},{\"@type\":\"ListItem\",\"position\":2,\"name\":\"Boutique\",\"item\":\"https:\/\/mamscouture.fr\/?page_id=6\"},{\"@type\":\"ListItem\",\"position\":3,\"name\":\"coussin 40X40\"}]},{\"@type\":\"WebSite\",\"@id\":\"https:\/\/mamscouture.fr\/#website\",\"url\":\"https:\/\/mamscouture.fr\/\",\"name\":\"Mam&#039;s couture\",\"description\":\"Un site utilisant WordPress\",\"potentialAction\":[{\"@type\":\"SearchAction\",\"target\":{\"@type\":\"EntryPoint\",\"urlTemplate\":\"https:\/\/mamscouture.fr\/?s={search_term_string}\"},\"query-input\":{\"@type\":\"PropertyValueSpecification\",\"valueRequired\":true,\"valueName\":\"search_term_string\"}}],\"inLanguage\":\"fr-FR\"}]}<\/script>\n<!-- \/ Yoast SEO plugin. -->","yoast_head_json":{"title":"coussin 40X40 - Mam&#039;s couture","robots":{"index":"index","follow":"follow","max-snippet":"max-snippet:-1","max-image-preview":"max-image-preview:large","max-video-preview":"max-video-preview:-1"},"canonical":"https:\/\/mamscouture.fr\/?product=coussin-40x40","og_locale":"fr_FR","og_type":"article","og_title":"coussin 40X40 - Mam&#039;s couture","og_description":"Coussin personnalis\u00e9 cadeau doux pour chambre d&#8217;enfant C\u00e9l\u00e9brez votre tout-petit avec ce coussin fait main, doux et moelleux, sp\u00e9cialement con\u00e7u [&hellip;]","og_url":"https:\/\/mamscouture.fr\/?product=coussin-40x40","og_site_name":"Mam&#039;s couture","article_modified_time":"2026-04-02T21:21:50+00:00","og_image":[{"width":414,"height":414,"url":"https:\/\/mamscouture.fr\/wp-content\/uploads\/2026\/01\/F21C9B44-2038-40A9-B94B-4398ABC31F8B.jpeg","type":"image\/jpeg"}],"twitter_card":"summary_large_image","twitter_misc":{"Dur\u00e9e de lecture estim\u00e9e":"1 minute"},"schema":{"@context":"https:\/\/schema.org","@graph":[{"@type":"WebPage","@id":"https:\/\/mamscouture.fr\/?product=coussin-40x40","url":"https:\/\/mamscouture.fr\/?product=coussin-40x40","name":"coussin 40X40 - Mam&#039;s couture","isPartOf":{"@id":"https:\/\/mamscouture.fr\/#website"},"primaryImageOfPage":{"@id":"https:\/\/mamscouture.fr\/?product=coussin-40x40#primaryimage"},"image":{"@id":"https:\/\/mamscouture.fr\/?product=coussin-40x40#primaryimage"},"thumbnailUrl":"https:\/\/mamscouture.fr\/wp-content\/uploads\/2026\/01\/F21C9B44-2038-40A9-B94B-4398ABC31F8B.jpeg","datePublished":"2026-01-05T08:23:56+00:00","dateModified":"2026-04-02T21:21:50+00:00","breadcrumb":{"@id":"https:\/\/mamscouture.fr\/?product=coussin-40x40#breadcrumb"},"inLanguage":"fr-FR","potentialAction":[{"@type":"ReadAction","target":["https:\/\/mamscouture.fr\/?product=coussin-40x40"]}]},{"@type":"ImageObject","inLanguage":"fr-FR","@id":"https:\/\/mamscouture.fr\/?product=coussin-40x40#primaryimage","url":"https:\/\/mamscouture.fr\/wp-content\/uploads\/2026\/01\/F21C9B44-2038-40A9-B94B-4398ABC31F8B.jpeg","contentUrl":"https:\/\/mamscouture.fr\/wp-content\/uploads\/2026\/01\/F21C9B44-2038-40A9-B94B-4398ABC31F8B.jpeg","width":414,"height":414},{"@type":"BreadcrumbList","@id":"https:\/\/mamscouture.fr\/?product=coussin-40x40#breadcrumb","itemListElement":[{"@type":"ListItem","position":1,"name":"Accueil","item":"https:\/\/mamscouture.fr\/"},{"@type":"ListItem","position":2,"name":"Boutique","item":"https:\/\/mamscouture.fr\/?page_id=6"},{"@type":"ListItem","position":3,"name":"coussin 40X40"}]},{"@type":"WebSite","@id":"https:\/\/mamscouture.fr\/#website","url":"https:\/\/mamscouture.fr\/","name":"Mam&#039;s couture","description":"Un site utilisant WordPress","potentialAction":[{"@type":"SearchAction","target":{"@type":"EntryPoint","urlTemplate":"https:\/\/mamscouture.fr\/?s={search_term_string}"},"query-input":{"@type":"PropertyValueSpecification","valueRequired":true,"valueName":"search_term_string"}}],"inLanguage":"fr-FR"}]}},"jetpack_sharing_enabled":true,"_links":{"self":[{"href":"https:\/\/mamscouture.fr\/index.php?rest_route=\/wp\/v2\/product\/4082","targetHints":{"allow":["GET"]}}],"collection":[{"href":"https:\/\/mamscouture.fr\/index.php?rest_route=\/wp\/v2\/product"}],"about":[{"href":"https:\/\/mamscouture.fr\/index.php?rest_route=\/wp\/v2\/types\/product"}],"replies":[{"embeddable":true,"href":"https:\/\/mamscouture.fr\/index.php?rest_route=%2Fwp%2Fv2%2Fcomments&post=4082"}],"wp:featuredmedia":[{"embeddable":true,"href":"https:\/\/mamscouture.fr\/index.php?rest_route=\/wp\/v2\/media\/4084"}],"wp:attachment":[{"href":"https:\/\/mamscouture.fr\/index.php?rest_route=%2Fwp%2Fv2%2Fmedia&parent=4082"}],"wp:term":[{"taxonomy":"product_cat","embeddable":true,"href":"https:\/\/mamscouture.fr\/index.php?rest_route=%2Fwp%2Fv2%2Fproduct_cat&post=4082"},{"taxonomy":"product_tag","embeddable":true,"href":"https:\/\/mamscouture.fr\/index.php?rest_route=%2Fwp%2Fv2%2Fproduct_tag&post=4082"}],"curies":[{"name":"wp","href":"https:\/\/api.w.org\/{rel}","templated":true}]}}