{"id":4043,"date":"2026-01-04T15:40:24","date_gmt":"2026-01-04T14:40:24","guid":{"rendered":"https:\/\/mamscouture.fr\/?post_type=product&#038;p=4043"},"modified":"2026-04-02T23:22:25","modified_gmt":"2026-04-02T21:22:25","slug":"housse-matelas-a-langer-gris","status":"publish","type":"product","link":"https:\/\/mamscouture.fr\/?product=housse-matelas-a-langer-gris","title":{"rendered":"housse matelas \u00e0 langer gris"},"content":{"rendered":"<p>Housse de matelas \u00e0 langer personnalis\u00e9e<br \/>\nApportez une touche unique et \u00e9l\u00e9gante \u00e0 la chambre de b\u00e9b\u00e9 avec notre housse de matelas \u00e0 langer personnalis\u00e9e au pr\u00e9nom de votre choix, doux et respirant, elle offre confort et praticit\u00e9 pour les moments de change.<br \/>\n\u2728 Caract\u00e9ristiques :<br \/>\nPersonnalisation avec le pr\u00e9nom de votre b\u00e9b\u00e9.<br \/>\ncompatible avec la plupart des matelas \u00e0 langer standards.<br \/>\n\ud83e\uddfa Entretien : Lavable en machine \u00e0 basse temp\u00e9rature, s\u00e9chage \u00e0 l\u2019air libre recommand\u00e9.<br \/>\nCette housse personnalis\u00e9e est id\u00e9ale comme cadeau de naissance, baby shower ou tout simplement pour cr\u00e9er un espace de change \u00e0 la fois pratique et plein de douceur.<\/p>\n","protected":false},"excerpt":{"rendered":"<p>Housse de matelas \u00e0 langer personnalis\u00e9e Apportez une touche unique et \u00e9l\u00e9gante \u00e0 la chambre de b\u00e9b\u00e9 avec notre housse [&hellip;]<\/p>\n","protected":false},"featured_media":4038,"comment_status":"open","ping_status":"closed","template":"","meta":{"site-sidebar-layout":"default","site-content-layout":"","ast-site-content-layout":"default","site-content-style":"default","site-sidebar-style":"default","ast-global-header-display":"","ast-banner-title-visibility":"","ast-main-header-display":"","ast-hfb-above-header-display":"","ast-hfb-below-header-display":"","ast-hfb-mobile-header-display":"","site-post-title":"","ast-breadcrumbs-content":"","ast-featured-img":"","footer-sml-layout":"","theme-transparent-header-meta":"default","adv-header-id-meta":"","stick-header-meta":"","header-above-stick-meta":"","header-main-stick-meta":"","header-below-stick-meta":"","astra-migrate-meta-layouts":"set","ast-page-background-enabled":"default","ast-page-background-meta":{"desktop":{"background-color":"var(--ast-global-color-4)","background-image":"","background-repeat":"repeat","background-position":"center center","background-size":"auto","background-attachment":"scroll","background-type":"","background-media":"","overlay-type":"","overlay-color":"","overlay-opacity":"","overlay-gradient":""},"tablet":{"background-color":"","background-image":"","background-repeat":"repeat","background-position":"center center","background-size":"auto","background-attachment":"scroll","background-type":"","background-media":"","overlay-type":"","overlay-color":"","overlay-opacity":"","overlay-gradient":""},"mobile":{"background-color":"","background-image":"","background-repeat":"repeat","background-position":"center center","background-size":"auto","background-attachment":"scroll","background-type":"","background-media":"","overlay-type":"","overlay-color":"","overlay-opacity":"","overlay-gradient":""}},"ast-content-background-meta":{"desktop":{"background-color":"var(--ast-global-color-5)","background-image":"","background-repeat":"repeat","background-position":"center center","background-size":"auto","background-attachment":"scroll","background-type":"","background-media":"","overlay-type":"","overlay-color":"","overlay-opacity":"","overlay-gradient":""},"tablet":{"background-color":"var(--ast-global-color-5)","background-image":"","background-repeat":"repeat","background-position":"center center","background-size":"auto","background-attachment":"scroll","background-type":"","background-media":"","overlay-type":"","overlay-color":"","overlay-opacity":"","overlay-gradient":""},"mobile":{"background-color":"var(--ast-global-color-5)","background-image":"","background-repeat":"repeat","background-position":"center center","background-size":"auto","background-attachment":"scroll","background-type":"","background-media":"","overlay-type":"","overlay-color":"","overlay-opacity":"","overlay-gradient":""}}},"product_cat":[118],"product_tag":[],"class_list":{"0":"post-4043","1":"product","2":"type-product","3":"status-publish","4":"has-post-thumbnail","6":"product_cat-housse-matelas-a-langer","7":"desktop-align-left","8":"tablet-align-left","9":"mobile-align-left","11":"first","12":"instock","13":"shipping-taxable","14":"purchasable","15":"product-type-simple"},"yoast_head":"<!-- This site is optimized with the Yoast SEO plugin v23.4 - https:\/\/yoast.com\/wordpress\/plugins\/seo\/ -->\n<title>housse matelas \u00e0 langer gris - Mam&#039;s couture<\/title>\n<meta name=\"robots\" content=\"index, follow, max-snippet:-1, max-image-preview:large, max-video-preview:-1\" \/>\n<link rel=\"canonical\" href=\"https:\/\/mamscouture.fr\/?product=housse-matelas-a-langer-gris\" \/>\n<meta property=\"og:locale\" content=\"fr_FR\" \/>\n<meta property=\"og:type\" content=\"article\" \/>\n<meta property=\"og:title\" content=\"housse matelas \u00e0 langer gris - Mam&#039;s couture\" \/>\n<meta property=\"og:description\" content=\"Housse de matelas \u00e0 langer personnalis\u00e9e Apportez une touche unique et \u00e9l\u00e9gante \u00e0 la chambre de b\u00e9b\u00e9 avec notre housse [&hellip;]\" \/>\n<meta property=\"og:url\" content=\"https:\/\/mamscouture.fr\/?product=housse-matelas-a-langer-gris\" \/>\n<meta property=\"og:site_name\" content=\"Mam&#039;s couture\" \/>\n<meta property=\"article:modified_time\" content=\"2026-04-02T21:22:25+00:00\" \/>\n<meta property=\"og:image\" content=\"https:\/\/mamscouture.fr\/wp-content\/uploads\/2026\/01\/4145EBC7-C990-4F06-9CF2-134EF99C0555-1024x934.png\" \/>\n\t<meta property=\"og:image:width\" content=\"1024\" \/>\n\t<meta property=\"og:image:height\" content=\"934\" \/>\n\t<meta property=\"og:image:type\" content=\"image\/png\" \/>\n<meta name=\"twitter:card\" content=\"summary_large_image\" \/>\n<meta name=\"twitter:label1\" content=\"Dur\u00e9e de lecture estim\u00e9e\" \/>\n\t<meta name=\"twitter:data1\" content=\"1 minute\" \/>\n<script type=\"application\/ld+json\" class=\"yoast-schema-graph\">{\"@context\":\"https:\/\/schema.org\",\"@graph\":[{\"@type\":\"WebPage\",\"@id\":\"https:\/\/mamscouture.fr\/?product=housse-matelas-a-langer-gris\",\"url\":\"https:\/\/mamscouture.fr\/?product=housse-matelas-a-langer-gris\",\"name\":\"housse matelas \u00e0 langer gris - Mam&#039;s couture\",\"isPartOf\":{\"@id\":\"https:\/\/mamscouture.fr\/#website\"},\"primaryImageOfPage\":{\"@id\":\"https:\/\/mamscouture.fr\/?product=housse-matelas-a-langer-gris#primaryimage\"},\"image\":{\"@id\":\"https:\/\/mamscouture.fr\/?product=housse-matelas-a-langer-gris#primaryimage\"},\"thumbnailUrl\":\"https:\/\/mamscouture.fr\/wp-content\/uploads\/2026\/01\/4145EBC7-C990-4F06-9CF2-134EF99C0555.png\",\"datePublished\":\"2026-01-04T14:40:24+00:00\",\"dateModified\":\"2026-04-02T21:22:25+00:00\",\"breadcrumb\":{\"@id\":\"https:\/\/mamscouture.fr\/?product=housse-matelas-a-langer-gris#breadcrumb\"},\"inLanguage\":\"fr-FR\",\"potentialAction\":[{\"@type\":\"ReadAction\",\"target\":[\"https:\/\/mamscouture.fr\/?product=housse-matelas-a-langer-gris\"]}]},{\"@type\":\"ImageObject\",\"inLanguage\":\"fr-FR\",\"@id\":\"https:\/\/mamscouture.fr\/?product=housse-matelas-a-langer-gris#primaryimage\",\"url\":\"https:\/\/mamscouture.fr\/wp-content\/uploads\/2026\/01\/4145EBC7-C990-4F06-9CF2-134EF99C0555.png\",\"contentUrl\":\"https:\/\/mamscouture.fr\/wp-content\/uploads\/2026\/01\/4145EBC7-C990-4F06-9CF2-134EF99C0555.png\",\"width\":1600,\"height\":1460},{\"@type\":\"BreadcrumbList\",\"@id\":\"https:\/\/mamscouture.fr\/?product=housse-matelas-a-langer-gris#breadcrumb\",\"itemListElement\":[{\"@type\":\"ListItem\",\"position\":1,\"name\":\"Accueil\",\"item\":\"https:\/\/mamscouture.fr\/\"},{\"@type\":\"ListItem\",\"position\":2,\"name\":\"Boutique\",\"item\":\"https:\/\/mamscouture.fr\/?page_id=6\"},{\"@type\":\"ListItem\",\"position\":3,\"name\":\"housse matelas \u00e0 langer gris\"}]},{\"@type\":\"WebSite\",\"@id\":\"https:\/\/mamscouture.fr\/#website\",\"url\":\"https:\/\/mamscouture.fr\/\",\"name\":\"Mam&#039;s couture\",\"description\":\"Un site utilisant WordPress\",\"potentialAction\":[{\"@type\":\"SearchAction\",\"target\":{\"@type\":\"EntryPoint\",\"urlTemplate\":\"https:\/\/mamscouture.fr\/?s={search_term_string}\"},\"query-input\":{\"@type\":\"PropertyValueSpecification\",\"valueRequired\":true,\"valueName\":\"search_term_string\"}}],\"inLanguage\":\"fr-FR\"}]}<\/script>\n<!-- \/ Yoast SEO plugin. -->","yoast_head_json":{"title":"housse matelas \u00e0 langer gris - Mam&#039;s couture","robots":{"index":"index","follow":"follow","max-snippet":"max-snippet:-1","max-image-preview":"max-image-preview:large","max-video-preview":"max-video-preview:-1"},"canonical":"https:\/\/mamscouture.fr\/?product=housse-matelas-a-langer-gris","og_locale":"fr_FR","og_type":"article","og_title":"housse matelas \u00e0 langer gris - Mam&#039;s couture","og_description":"Housse de matelas \u00e0 langer personnalis\u00e9e Apportez une touche unique et \u00e9l\u00e9gante \u00e0 la chambre de b\u00e9b\u00e9 avec notre housse [&hellip;]","og_url":"https:\/\/mamscouture.fr\/?product=housse-matelas-a-langer-gris","og_site_name":"Mam&#039;s couture","article_modified_time":"2026-04-02T21:22:25+00:00","og_image":[{"width":1024,"height":934,"url":"https:\/\/mamscouture.fr\/wp-content\/uploads\/2026\/01\/4145EBC7-C990-4F06-9CF2-134EF99C0555-1024x934.png","type":"image\/png"}],"twitter_card":"summary_large_image","twitter_misc":{"Dur\u00e9e de lecture estim\u00e9e":"1 minute"},"schema":{"@context":"https:\/\/schema.org","@graph":[{"@type":"WebPage","@id":"https:\/\/mamscouture.fr\/?product=housse-matelas-a-langer-gris","url":"https:\/\/mamscouture.fr\/?product=housse-matelas-a-langer-gris","name":"housse matelas \u00e0 langer gris - Mam&#039;s couture","isPartOf":{"@id":"https:\/\/mamscouture.fr\/#website"},"primaryImageOfPage":{"@id":"https:\/\/mamscouture.fr\/?product=housse-matelas-a-langer-gris#primaryimage"},"image":{"@id":"https:\/\/mamscouture.fr\/?product=housse-matelas-a-langer-gris#primaryimage"},"thumbnailUrl":"https:\/\/mamscouture.fr\/wp-content\/uploads\/2026\/01\/4145EBC7-C990-4F06-9CF2-134EF99C0555.png","datePublished":"2026-01-04T14:40:24+00:00","dateModified":"2026-04-02T21:22:25+00:00","breadcrumb":{"@id":"https:\/\/mamscouture.fr\/?product=housse-matelas-a-langer-gris#breadcrumb"},"inLanguage":"fr-FR","potentialAction":[{"@type":"ReadAction","target":["https:\/\/mamscouture.fr\/?product=housse-matelas-a-langer-gris"]}]},{"@type":"ImageObject","inLanguage":"fr-FR","@id":"https:\/\/mamscouture.fr\/?product=housse-matelas-a-langer-gris#primaryimage","url":"https:\/\/mamscouture.fr\/wp-content\/uploads\/2026\/01\/4145EBC7-C990-4F06-9CF2-134EF99C0555.png","contentUrl":"https:\/\/mamscouture.fr\/wp-content\/uploads\/2026\/01\/4145EBC7-C990-4F06-9CF2-134EF99C0555.png","width":1600,"height":1460},{"@type":"BreadcrumbList","@id":"https:\/\/mamscouture.fr\/?product=housse-matelas-a-langer-gris#breadcrumb","itemListElement":[{"@type":"ListItem","position":1,"name":"Accueil","item":"https:\/\/mamscouture.fr\/"},{"@type":"ListItem","position":2,"name":"Boutique","item":"https:\/\/mamscouture.fr\/?page_id=6"},{"@type":"ListItem","position":3,"name":"housse matelas \u00e0 langer gris"}]},{"@type":"WebSite","@id":"https:\/\/mamscouture.fr\/#website","url":"https:\/\/mamscouture.fr\/","name":"Mam&#039;s couture","description":"Un site utilisant WordPress","potentialAction":[{"@type":"SearchAction","target":{"@type":"EntryPoint","urlTemplate":"https:\/\/mamscouture.fr\/?s={search_term_string}"},"query-input":{"@type":"PropertyValueSpecification","valueRequired":true,"valueName":"search_term_string"}}],"inLanguage":"fr-FR"}]}},"jetpack_sharing_enabled":true,"_links":{"self":[{"href":"https:\/\/mamscouture.fr\/index.php?rest_route=\/wp\/v2\/product\/4043","targetHints":{"allow":["GET"]}}],"collection":[{"href":"https:\/\/mamscouture.fr\/index.php?rest_route=\/wp\/v2\/product"}],"about":[{"href":"https:\/\/mamscouture.fr\/index.php?rest_route=\/wp\/v2\/types\/product"}],"replies":[{"embeddable":true,"href":"https:\/\/mamscouture.fr\/index.php?rest_route=%2Fwp%2Fv2%2Fcomments&post=4043"}],"wp:featuredmedia":[{"embeddable":true,"href":"https:\/\/mamscouture.fr\/index.php?rest_route=\/wp\/v2\/media\/4038"}],"wp:attachment":[{"href":"https:\/\/mamscouture.fr\/index.php?rest_route=%2Fwp%2Fv2%2Fmedia&parent=4043"}],"wp:term":[{"taxonomy":"product_cat","embeddable":true,"href":"https:\/\/mamscouture.fr\/index.php?rest_route=%2Fwp%2Fv2%2Fproduct_cat&post=4043"},{"taxonomy":"product_tag","embeddable":true,"href":"https:\/\/mamscouture.fr\/index.php?rest_route=%2Fwp%2Fv2%2Fproduct_tag&post=4043"}],"curies":[{"name":"wp","href":"https:\/\/api.w.org\/{rel}","templated":true}]}}