{"id":3828,"date":"2026-01-02T22:33:01","date_gmt":"2026-01-02T21:33:01","guid":{"rendered":"https:\/\/mamscouture.fr\/?post_type=product&#038;p=3828"},"modified":"2026-04-02T23:24:02","modified_gmt":"2026-04-02T21:24:02","slug":"grosse-peluche-elephant-5","status":"publish","type":"product","link":"https:\/\/mamscouture.fr\/?product=grosse-peluche-elephant-5","title":{"rendered":"grosse peluche \u00e9l\u00e9phant"},"content":{"rendered":"<p>Cadeau id\u00e9al pour l&#8217;arriv\u00e9e de b\u00e9b\u00e9 !!<\/p>\n<p>Vous pouvez personnaliser les deux oreilles !<\/p>\n<p>taille 50\/60cm environ<\/p>\n<p>photo non contractuelle tout d\u00e9pends de l\u2019arrivage fournisseur<\/p>\n<p>prix avec Pr\u00e9nom ,<\/p>\n<p>suppl\u00e9ment pour poids\u00a0 , taille , date de naissance on peut \u00e9crire ce qu&#8217;on veut !<\/p>\n","protected":false},"excerpt":{"rendered":"<p>Cadeau id\u00e9al pour l&#8217;arriv\u00e9e de b\u00e9b\u00e9 !! Vous pouvez personnaliser les deux oreilles ! taille 50\/60cm environ photo non contractuelle [&hellip;]<\/p>\n","protected":false},"featured_media":3829,"comment_status":"open","ping_status":"closed","template":"","meta":{"site-sidebar-layout":"default","site-content-layout":"","ast-site-content-layout":"default","site-content-style":"default","site-sidebar-style":"default","ast-global-header-display":"","ast-banner-title-visibility":"","ast-main-header-display":"","ast-hfb-above-header-display":"","ast-hfb-below-header-display":"","ast-hfb-mobile-header-display":"","site-post-title":"","ast-breadcrumbs-content":"","ast-featured-img":"","footer-sml-layout":"","theme-transparent-header-meta":"default","adv-header-id-meta":"","stick-header-meta":"","header-above-stick-meta":"","header-main-stick-meta":"","header-below-stick-meta":"","astra-migrate-meta-layouts":"set","ast-page-background-enabled":"default","ast-page-background-meta":{"desktop":{"background-color":"var(--ast-global-color-4)","background-image":"","background-repeat":"repeat","background-position":"center center","background-size":"auto","background-attachment":"scroll","background-type":"","background-media":"","overlay-type":"","overlay-color":"","overlay-opacity":"","overlay-gradient":""},"tablet":{"background-color":"","background-image":"","background-repeat":"repeat","background-position":"center center","background-size":"auto","background-attachment":"scroll","background-type":"","background-media":"","overlay-type":"","overlay-color":"","overlay-opacity":"","overlay-gradient":""},"mobile":{"background-color":"","background-image":"","background-repeat":"repeat","background-position":"center center","background-size":"auto","background-attachment":"scroll","background-type":"","background-media":"","overlay-type":"","overlay-color":"","overlay-opacity":"","overlay-gradient":""}},"ast-content-background-meta":{"desktop":{"background-color":"var(--ast-global-color-5)","background-image":"","background-repeat":"repeat","background-position":"center center","background-size":"auto","background-attachment":"scroll","background-type":"","background-media":"","overlay-type":"","overlay-color":"","overlay-opacity":"","overlay-gradient":""},"tablet":{"background-color":"var(--ast-global-color-5)","background-image":"","background-repeat":"repeat","background-position":"center center","background-size":"auto","background-attachment":"scroll","background-type":"","background-media":"","overlay-type":"","overlay-color":"","overlay-opacity":"","overlay-gradient":""},"mobile":{"background-color":"var(--ast-global-color-5)","background-image":"","background-repeat":"repeat","background-position":"center center","background-size":"auto","background-attachment":"scroll","background-type":"","background-media":"","overlay-type":"","overlay-color":"","overlay-opacity":"","overlay-gradient":""}}},"product_cat":[110],"product_tag":[],"class_list":{"0":"post-3828","1":"product","2":"type-product","3":"status-publish","4":"has-post-thumbnail","6":"product_cat-gros-elephant","7":"desktop-align-left","8":"tablet-align-left","9":"mobile-align-left","11":"first","12":"instock","13":"shipping-taxable","14":"purchasable","15":"product-type-simple"},"yoast_head":"<!-- This site is optimized with the Yoast SEO plugin v23.4 - https:\/\/yoast.com\/wordpress\/plugins\/seo\/ -->\n<title>grosse peluche \u00e9l\u00e9phant - Mam&#039;s couture<\/title>\n<meta name=\"robots\" content=\"index, follow, max-snippet:-1, max-image-preview:large, max-video-preview:-1\" \/>\n<link rel=\"canonical\" href=\"https:\/\/mamscouture.fr\/?product=grosse-peluche-elephant-5\" \/>\n<meta property=\"og:locale\" content=\"fr_FR\" \/>\n<meta property=\"og:type\" content=\"article\" \/>\n<meta property=\"og:title\" content=\"grosse peluche \u00e9l\u00e9phant - Mam&#039;s couture\" \/>\n<meta property=\"og:description\" content=\"Cadeau id\u00e9al pour l&#8217;arriv\u00e9e de b\u00e9b\u00e9 !! Vous pouvez personnaliser les deux oreilles ! taille 50\/60cm environ photo non contractuelle [&hellip;]\" \/>\n<meta property=\"og:url\" content=\"https:\/\/mamscouture.fr\/?product=grosse-peluche-elephant-5\" \/>\n<meta property=\"og:site_name\" content=\"Mam&#039;s couture\" \/>\n<meta property=\"article:modified_time\" content=\"2026-04-02T21:24:02+00:00\" \/>\n<meta property=\"og:image\" content=\"https:\/\/mamscouture.fr\/wp-content\/uploads\/2026\/01\/C40C564D-41D2-49E8-9EBE-2126417FBA2C.jpeg\" \/>\n\t<meta property=\"og:image:width\" content=\"967\" \/>\n\t<meta property=\"og:image:height\" content=\"1271\" \/>\n\t<meta property=\"og:image:type\" content=\"image\/jpeg\" \/>\n<meta name=\"twitter:card\" content=\"summary_large_image\" \/>\n<meta name=\"twitter:label1\" content=\"Dur\u00e9e de lecture estim\u00e9e\" \/>\n\t<meta name=\"twitter:data1\" content=\"1 minute\" \/>\n<script type=\"application\/ld+json\" class=\"yoast-schema-graph\">{\"@context\":\"https:\/\/schema.org\",\"@graph\":[{\"@type\":\"WebPage\",\"@id\":\"https:\/\/mamscouture.fr\/?product=grosse-peluche-elephant-5\",\"url\":\"https:\/\/mamscouture.fr\/?product=grosse-peluche-elephant-5\",\"name\":\"grosse peluche \u00e9l\u00e9phant - Mam&#039;s couture\",\"isPartOf\":{\"@id\":\"https:\/\/mamscouture.fr\/#website\"},\"primaryImageOfPage\":{\"@id\":\"https:\/\/mamscouture.fr\/?product=grosse-peluche-elephant-5#primaryimage\"},\"image\":{\"@id\":\"https:\/\/mamscouture.fr\/?product=grosse-peluche-elephant-5#primaryimage\"},\"thumbnailUrl\":\"https:\/\/mamscouture.fr\/wp-content\/uploads\/2026\/01\/C40C564D-41D2-49E8-9EBE-2126417FBA2C.jpeg\",\"datePublished\":\"2026-01-02T21:33:01+00:00\",\"dateModified\":\"2026-04-02T21:24:02+00:00\",\"breadcrumb\":{\"@id\":\"https:\/\/mamscouture.fr\/?product=grosse-peluche-elephant-5#breadcrumb\"},\"inLanguage\":\"fr-FR\",\"potentialAction\":[{\"@type\":\"ReadAction\",\"target\":[\"https:\/\/mamscouture.fr\/?product=grosse-peluche-elephant-5\"]}]},{\"@type\":\"ImageObject\",\"inLanguage\":\"fr-FR\",\"@id\":\"https:\/\/mamscouture.fr\/?product=grosse-peluche-elephant-5#primaryimage\",\"url\":\"https:\/\/mamscouture.fr\/wp-content\/uploads\/2026\/01\/C40C564D-41D2-49E8-9EBE-2126417FBA2C.jpeg\",\"contentUrl\":\"https:\/\/mamscouture.fr\/wp-content\/uploads\/2026\/01\/C40C564D-41D2-49E8-9EBE-2126417FBA2C.jpeg\",\"width\":967,\"height\":1271},{\"@type\":\"BreadcrumbList\",\"@id\":\"https:\/\/mamscouture.fr\/?product=grosse-peluche-elephant-5#breadcrumb\",\"itemListElement\":[{\"@type\":\"ListItem\",\"position\":1,\"name\":\"Accueil\",\"item\":\"https:\/\/mamscouture.fr\/\"},{\"@type\":\"ListItem\",\"position\":2,\"name\":\"Boutique\",\"item\":\"https:\/\/mamscouture.fr\/?page_id=6\"},{\"@type\":\"ListItem\",\"position\":3,\"name\":\"grosse peluche \u00e9l\u00e9phant\"}]},{\"@type\":\"WebSite\",\"@id\":\"https:\/\/mamscouture.fr\/#website\",\"url\":\"https:\/\/mamscouture.fr\/\",\"name\":\"Mam&#039;s couture\",\"description\":\"Un site utilisant WordPress\",\"potentialAction\":[{\"@type\":\"SearchAction\",\"target\":{\"@type\":\"EntryPoint\",\"urlTemplate\":\"https:\/\/mamscouture.fr\/?s={search_term_string}\"},\"query-input\":{\"@type\":\"PropertyValueSpecification\",\"valueRequired\":true,\"valueName\":\"search_term_string\"}}],\"inLanguage\":\"fr-FR\"}]}<\/script>\n<!-- \/ Yoast SEO plugin. -->","yoast_head_json":{"title":"grosse peluche \u00e9l\u00e9phant - Mam&#039;s couture","robots":{"index":"index","follow":"follow","max-snippet":"max-snippet:-1","max-image-preview":"max-image-preview:large","max-video-preview":"max-video-preview:-1"},"canonical":"https:\/\/mamscouture.fr\/?product=grosse-peluche-elephant-5","og_locale":"fr_FR","og_type":"article","og_title":"grosse peluche \u00e9l\u00e9phant - Mam&#039;s couture","og_description":"Cadeau id\u00e9al pour l&#8217;arriv\u00e9e de b\u00e9b\u00e9 !! Vous pouvez personnaliser les deux oreilles ! taille 50\/60cm environ photo non contractuelle [&hellip;]","og_url":"https:\/\/mamscouture.fr\/?product=grosse-peluche-elephant-5","og_site_name":"Mam&#039;s couture","article_modified_time":"2026-04-02T21:24:02+00:00","og_image":[{"width":967,"height":1271,"url":"https:\/\/mamscouture.fr\/wp-content\/uploads\/2026\/01\/C40C564D-41D2-49E8-9EBE-2126417FBA2C.jpeg","type":"image\/jpeg"}],"twitter_card":"summary_large_image","twitter_misc":{"Dur\u00e9e de lecture estim\u00e9e":"1 minute"},"schema":{"@context":"https:\/\/schema.org","@graph":[{"@type":"WebPage","@id":"https:\/\/mamscouture.fr\/?product=grosse-peluche-elephant-5","url":"https:\/\/mamscouture.fr\/?product=grosse-peluche-elephant-5","name":"grosse peluche \u00e9l\u00e9phant - Mam&#039;s couture","isPartOf":{"@id":"https:\/\/mamscouture.fr\/#website"},"primaryImageOfPage":{"@id":"https:\/\/mamscouture.fr\/?product=grosse-peluche-elephant-5#primaryimage"},"image":{"@id":"https:\/\/mamscouture.fr\/?product=grosse-peluche-elephant-5#primaryimage"},"thumbnailUrl":"https:\/\/mamscouture.fr\/wp-content\/uploads\/2026\/01\/C40C564D-41D2-49E8-9EBE-2126417FBA2C.jpeg","datePublished":"2026-01-02T21:33:01+00:00","dateModified":"2026-04-02T21:24:02+00:00","breadcrumb":{"@id":"https:\/\/mamscouture.fr\/?product=grosse-peluche-elephant-5#breadcrumb"},"inLanguage":"fr-FR","potentialAction":[{"@type":"ReadAction","target":["https:\/\/mamscouture.fr\/?product=grosse-peluche-elephant-5"]}]},{"@type":"ImageObject","inLanguage":"fr-FR","@id":"https:\/\/mamscouture.fr\/?product=grosse-peluche-elephant-5#primaryimage","url":"https:\/\/mamscouture.fr\/wp-content\/uploads\/2026\/01\/C40C564D-41D2-49E8-9EBE-2126417FBA2C.jpeg","contentUrl":"https:\/\/mamscouture.fr\/wp-content\/uploads\/2026\/01\/C40C564D-41D2-49E8-9EBE-2126417FBA2C.jpeg","width":967,"height":1271},{"@type":"BreadcrumbList","@id":"https:\/\/mamscouture.fr\/?product=grosse-peluche-elephant-5#breadcrumb","itemListElement":[{"@type":"ListItem","position":1,"name":"Accueil","item":"https:\/\/mamscouture.fr\/"},{"@type":"ListItem","position":2,"name":"Boutique","item":"https:\/\/mamscouture.fr\/?page_id=6"},{"@type":"ListItem","position":3,"name":"grosse peluche \u00e9l\u00e9phant"}]},{"@type":"WebSite","@id":"https:\/\/mamscouture.fr\/#website","url":"https:\/\/mamscouture.fr\/","name":"Mam&#039;s couture","description":"Un site utilisant WordPress","potentialAction":[{"@type":"SearchAction","target":{"@type":"EntryPoint","urlTemplate":"https:\/\/mamscouture.fr\/?s={search_term_string}"},"query-input":{"@type":"PropertyValueSpecification","valueRequired":true,"valueName":"search_term_string"}}],"inLanguage":"fr-FR"}]}},"jetpack_sharing_enabled":true,"_links":{"self":[{"href":"https:\/\/mamscouture.fr\/index.php?rest_route=\/wp\/v2\/product\/3828","targetHints":{"allow":["GET"]}}],"collection":[{"href":"https:\/\/mamscouture.fr\/index.php?rest_route=\/wp\/v2\/product"}],"about":[{"href":"https:\/\/mamscouture.fr\/index.php?rest_route=\/wp\/v2\/types\/product"}],"replies":[{"embeddable":true,"href":"https:\/\/mamscouture.fr\/index.php?rest_route=%2Fwp%2Fv2%2Fcomments&post=3828"}],"wp:featuredmedia":[{"embeddable":true,"href":"https:\/\/mamscouture.fr\/index.php?rest_route=\/wp\/v2\/media\/3829"}],"wp:attachment":[{"href":"https:\/\/mamscouture.fr\/index.php?rest_route=%2Fwp%2Fv2%2Fmedia&parent=3828"}],"wp:term":[{"taxonomy":"product_cat","embeddable":true,"href":"https:\/\/mamscouture.fr\/index.php?rest_route=%2Fwp%2Fv2%2Fproduct_cat&post=3828"},{"taxonomy":"product_tag","embeddable":true,"href":"https:\/\/mamscouture.fr\/index.php?rest_route=%2Fwp%2Fv2%2Fproduct_tag&post=3828"}],"curies":[{"name":"wp","href":"https:\/\/api.w.org\/{rel}","templated":true}]}}