{"id":3204,"date":"2025-11-28T12:06:58","date_gmt":"2025-11-28T11:06:58","guid":{"rendered":"https:\/\/mamscouture.fr\/?post_type=product&#038;p=3204"},"modified":"2026-04-02T23:25:32","modified_gmt":"2026-04-02T21:25:32","slug":"peluche-dinosaure","status":"publish","type":"product","link":"https:\/\/mamscouture.fr\/?product=peluche-dinosaure","title":{"rendered":"peluche dinosaure"},"content":{"rendered":"<p>Entrez dans le monde enchant\u00e9 de l&#8217;imaginaire avec notre <b>Peluche Brod\u00e9<\/b>, le cadeau de naissance ou d&#8217;anniversaire par excellence. Mesurant environ 35<b>\u00a0cm<\/b> de haut, cette PELUCHE est un doudou de haute qualit\u00e9, con\u00e7u pour devenir le meilleur ami de votre enfant.\u00a0Fabriqu\u00e9e par la marque reconnue Cubbies, cette peluche r\u00e9pond \u00e0 toutes les normes de s\u00e9curit\u00e9 et est pens\u00e9e pour durer. Elle r\u00e9sistera aux c\u00e2lins les plus passionn\u00e9s et aux aventures les plus p\u00e9rilleuses ! La licorne est particuli\u00e8rement appr\u00e9ci\u00e9e des enfants pour son c\u00f4t\u00e9 f\u00e9\u00e9rique qui invite \u00e0 la r\u00eaverie et au jeu. Elle n&#8217;est pas qu&#8217;un simple jouet : elle est un gardien de secrets et un r\u00e9confort lors des grands chagrins.<\/p>\n<p>Ce qui rend cette lPELUCHE v\u00e9ritablement magique, c&#8217;est la <b>broderie personnalis\u00e9e<\/b> r\u00e9alis\u00e9e avec soin dans notre atelier. Nous utilisons un fil de haute qualit\u00e9 pour apposer sur le ventre de la peluche le pr\u00e9nom de l&#8217;enfant, sa date de naissance, son poids, ou tout autre texte de votre choix. Contrairement \u00e0 une impression qui s\u2019estompe, la broderie est un gage de <b>qualit\u00e9 durable et d&#8217;\u00e9l\u00e9gance<\/b> qui fait de chaque licorne une pi\u00e8ce unique, un souvenir pr\u00e9cieux que l&#8217;enfant ch\u00e9rira pendant des ann\u00e9es.<\/p>\n<p>Vous pouvez facilement cr\u00e9er votre personnalisation en ligne en choisissant la police et la couleur du fil, pour un r\u00e9sultat qui s&#8217;accordera parfaitement \u00e0 la chambre de l&#8217;enfant.<\/p>\n<p>&nbsp;<\/p>\n<p><img decoding=\"async\" src=\"http:\/\/www.lepetitmondedecamille.com\/img\/cms\/logo%20cubbies_1.jpg\" alt=\"logo cubbies peluche\" width=\"172\" height=\"91\" \/><\/p>\n<p>&nbsp;<\/p>\n","protected":false},"excerpt":{"rendered":"<p>Entrez dans le monde enchant\u00e9 de l&#8217;imaginaire avec notre Peluche Brod\u00e9, le cadeau de naissance ou d&#8217;anniversaire par excellence. Mesurant [&hellip;]<\/p>\n","protected":false},"featured_media":3217,"comment_status":"open","ping_status":"closed","template":"","meta":{"site-sidebar-layout":"default","site-content-layout":"","ast-site-content-layout":"default","site-content-style":"default","site-sidebar-style":"default","ast-global-header-display":"","ast-banner-title-visibility":"","ast-main-header-display":"","ast-hfb-above-header-display":"","ast-hfb-below-header-display":"","ast-hfb-mobile-header-display":"","site-post-title":"","ast-breadcrumbs-content":"","ast-featured-img":"","footer-sml-layout":"","theme-transparent-header-meta":"default","adv-header-id-meta":"","stick-header-meta":"","header-above-stick-meta":"","header-main-stick-meta":"","header-below-stick-meta":"","astra-migrate-meta-layouts":"set","ast-page-background-enabled":"default","ast-page-background-meta":{"desktop":{"background-color":"var(--ast-global-color-4)","background-image":"","background-repeat":"repeat","background-position":"center center","background-size":"auto","background-attachment":"scroll","background-type":"","background-media":"","overlay-type":"","overlay-color":"","overlay-opacity":"","overlay-gradient":""},"tablet":{"background-color":"","background-image":"","background-repeat":"repeat","background-position":"center center","background-size":"auto","background-attachment":"scroll","background-type":"","background-media":"","overlay-type":"","overlay-color":"","overlay-opacity":"","overlay-gradient":""},"mobile":{"background-color":"","background-image":"","background-repeat":"repeat","background-position":"center center","background-size":"auto","background-attachment":"scroll","background-type":"","background-media":"","overlay-type":"","overlay-color":"","overlay-opacity":"","overlay-gradient":""}},"ast-content-background-meta":{"desktop":{"background-color":"var(--ast-global-color-5)","background-image":"","background-repeat":"repeat","background-position":"center center","background-size":"auto","background-attachment":"scroll","background-type":"","background-media":"","overlay-type":"","overlay-color":"","overlay-opacity":"","overlay-gradient":""},"tablet":{"background-color":"var(--ast-global-color-5)","background-image":"","background-repeat":"repeat","background-position":"center center","background-size":"auto","background-attachment":"scroll","background-type":"","background-media":"","overlay-type":"","overlay-color":"","overlay-opacity":"","overlay-gradient":""},"mobile":{"background-color":"var(--ast-global-color-5)","background-image":"","background-repeat":"repeat","background-position":"center center","background-size":"auto","background-attachment":"scroll","background-type":"","background-media":"","overlay-type":"","overlay-color":"","overlay-opacity":"","overlay-gradient":""}}},"product_cat":[87],"product_tag":[],"class_list":{"0":"post-3204","1":"product","2":"type-product","3":"status-publish","4":"has-post-thumbnail","6":"product_cat-peluche-xl","7":"desktop-align-left","8":"tablet-align-left","9":"mobile-align-left","11":"first","12":"instock","13":"shipping-taxable","14":"purchasable","15":"product-type-simple"},"yoast_head":"<!-- This site is optimized with the Yoast SEO plugin v23.4 - https:\/\/yoast.com\/wordpress\/plugins\/seo\/ -->\n<title>peluche dinosaure - Mam&#039;s couture<\/title>\n<meta name=\"robots\" content=\"index, follow, max-snippet:-1, max-image-preview:large, max-video-preview:-1\" \/>\n<link rel=\"canonical\" href=\"https:\/\/mamscouture.fr\/?product=peluche-dinosaure\" \/>\n<meta property=\"og:locale\" content=\"fr_FR\" \/>\n<meta property=\"og:type\" content=\"article\" \/>\n<meta property=\"og:title\" content=\"peluche dinosaure - Mam&#039;s couture\" \/>\n<meta property=\"og:description\" content=\"Entrez dans le monde enchant\u00e9 de l&#8217;imaginaire avec notre Peluche Brod\u00e9, le cadeau de naissance ou d&#8217;anniversaire par excellence. Mesurant [&hellip;]\" \/>\n<meta property=\"og:url\" content=\"https:\/\/mamscouture.fr\/?product=peluche-dinosaure\" \/>\n<meta property=\"og:site_name\" content=\"Mam&#039;s couture\" \/>\n<meta property=\"article:modified_time\" content=\"2026-04-02T21:25:32+00:00\" \/>\n<meta property=\"og:image\" content=\"https:\/\/mamscouture.fr\/wp-content\/uploads\/2025\/11\/AC717775-6239-463D-AA6B-E903187A7FB8.jpeg\" \/>\n\t<meta property=\"og:image:width\" content=\"973\" \/>\n\t<meta property=\"og:image:height\" content=\"1285\" \/>\n\t<meta property=\"og:image:type\" content=\"image\/jpeg\" \/>\n<meta name=\"twitter:card\" content=\"summary_large_image\" \/>\n<meta name=\"twitter:label1\" content=\"Dur\u00e9e de lecture estim\u00e9e\" \/>\n\t<meta name=\"twitter:data1\" content=\"2 minutes\" \/>\n<script type=\"application\/ld+json\" class=\"yoast-schema-graph\">{\"@context\":\"https:\/\/schema.org\",\"@graph\":[{\"@type\":\"WebPage\",\"@id\":\"https:\/\/mamscouture.fr\/?product=peluche-dinosaure\",\"url\":\"https:\/\/mamscouture.fr\/?product=peluche-dinosaure\",\"name\":\"peluche dinosaure - Mam&#039;s couture\",\"isPartOf\":{\"@id\":\"https:\/\/mamscouture.fr\/#website\"},\"primaryImageOfPage\":{\"@id\":\"https:\/\/mamscouture.fr\/?product=peluche-dinosaure#primaryimage\"},\"image\":{\"@id\":\"https:\/\/mamscouture.fr\/?product=peluche-dinosaure#primaryimage\"},\"thumbnailUrl\":\"https:\/\/mamscouture.fr\/wp-content\/uploads\/2025\/11\/AC717775-6239-463D-AA6B-E903187A7FB8.jpeg\",\"datePublished\":\"2025-11-28T11:06:58+00:00\",\"dateModified\":\"2026-04-02T21:25:32+00:00\",\"breadcrumb\":{\"@id\":\"https:\/\/mamscouture.fr\/?product=peluche-dinosaure#breadcrumb\"},\"inLanguage\":\"fr-FR\",\"potentialAction\":[{\"@type\":\"ReadAction\",\"target\":[\"https:\/\/mamscouture.fr\/?product=peluche-dinosaure\"]}]},{\"@type\":\"ImageObject\",\"inLanguage\":\"fr-FR\",\"@id\":\"https:\/\/mamscouture.fr\/?product=peluche-dinosaure#primaryimage\",\"url\":\"https:\/\/mamscouture.fr\/wp-content\/uploads\/2025\/11\/AC717775-6239-463D-AA6B-E903187A7FB8.jpeg\",\"contentUrl\":\"https:\/\/mamscouture.fr\/wp-content\/uploads\/2025\/11\/AC717775-6239-463D-AA6B-E903187A7FB8.jpeg\",\"width\":973,\"height\":1285},{\"@type\":\"BreadcrumbList\",\"@id\":\"https:\/\/mamscouture.fr\/?product=peluche-dinosaure#breadcrumb\",\"itemListElement\":[{\"@type\":\"ListItem\",\"position\":1,\"name\":\"Accueil\",\"item\":\"https:\/\/mamscouture.fr\/\"},{\"@type\":\"ListItem\",\"position\":2,\"name\":\"Boutique\",\"item\":\"https:\/\/mamscouture.fr\/?page_id=6\"},{\"@type\":\"ListItem\",\"position\":3,\"name\":\"peluche dinosaure\"}]},{\"@type\":\"WebSite\",\"@id\":\"https:\/\/mamscouture.fr\/#website\",\"url\":\"https:\/\/mamscouture.fr\/\",\"name\":\"Mam&#039;s couture\",\"description\":\"Un site utilisant WordPress\",\"potentialAction\":[{\"@type\":\"SearchAction\",\"target\":{\"@type\":\"EntryPoint\",\"urlTemplate\":\"https:\/\/mamscouture.fr\/?s={search_term_string}\"},\"query-input\":{\"@type\":\"PropertyValueSpecification\",\"valueRequired\":true,\"valueName\":\"search_term_string\"}}],\"inLanguage\":\"fr-FR\"}]}<\/script>\n<!-- \/ Yoast SEO plugin. -->","yoast_head_json":{"title":"peluche dinosaure - Mam&#039;s couture","robots":{"index":"index","follow":"follow","max-snippet":"max-snippet:-1","max-image-preview":"max-image-preview:large","max-video-preview":"max-video-preview:-1"},"canonical":"https:\/\/mamscouture.fr\/?product=peluche-dinosaure","og_locale":"fr_FR","og_type":"article","og_title":"peluche dinosaure - Mam&#039;s couture","og_description":"Entrez dans le monde enchant\u00e9 de l&#8217;imaginaire avec notre Peluche Brod\u00e9, le cadeau de naissance ou d&#8217;anniversaire par excellence. Mesurant [&hellip;]","og_url":"https:\/\/mamscouture.fr\/?product=peluche-dinosaure","og_site_name":"Mam&#039;s couture","article_modified_time":"2026-04-02T21:25:32+00:00","og_image":[{"width":973,"height":1285,"url":"https:\/\/mamscouture.fr\/wp-content\/uploads\/2025\/11\/AC717775-6239-463D-AA6B-E903187A7FB8.jpeg","type":"image\/jpeg"}],"twitter_card":"summary_large_image","twitter_misc":{"Dur\u00e9e de lecture estim\u00e9e":"2 minutes"},"schema":{"@context":"https:\/\/schema.org","@graph":[{"@type":"WebPage","@id":"https:\/\/mamscouture.fr\/?product=peluche-dinosaure","url":"https:\/\/mamscouture.fr\/?product=peluche-dinosaure","name":"peluche dinosaure - Mam&#039;s couture","isPartOf":{"@id":"https:\/\/mamscouture.fr\/#website"},"primaryImageOfPage":{"@id":"https:\/\/mamscouture.fr\/?product=peluche-dinosaure#primaryimage"},"image":{"@id":"https:\/\/mamscouture.fr\/?product=peluche-dinosaure#primaryimage"},"thumbnailUrl":"https:\/\/mamscouture.fr\/wp-content\/uploads\/2025\/11\/AC717775-6239-463D-AA6B-E903187A7FB8.jpeg","datePublished":"2025-11-28T11:06:58+00:00","dateModified":"2026-04-02T21:25:32+00:00","breadcrumb":{"@id":"https:\/\/mamscouture.fr\/?product=peluche-dinosaure#breadcrumb"},"inLanguage":"fr-FR","potentialAction":[{"@type":"ReadAction","target":["https:\/\/mamscouture.fr\/?product=peluche-dinosaure"]}]},{"@type":"ImageObject","inLanguage":"fr-FR","@id":"https:\/\/mamscouture.fr\/?product=peluche-dinosaure#primaryimage","url":"https:\/\/mamscouture.fr\/wp-content\/uploads\/2025\/11\/AC717775-6239-463D-AA6B-E903187A7FB8.jpeg","contentUrl":"https:\/\/mamscouture.fr\/wp-content\/uploads\/2025\/11\/AC717775-6239-463D-AA6B-E903187A7FB8.jpeg","width":973,"height":1285},{"@type":"BreadcrumbList","@id":"https:\/\/mamscouture.fr\/?product=peluche-dinosaure#breadcrumb","itemListElement":[{"@type":"ListItem","position":1,"name":"Accueil","item":"https:\/\/mamscouture.fr\/"},{"@type":"ListItem","position":2,"name":"Boutique","item":"https:\/\/mamscouture.fr\/?page_id=6"},{"@type":"ListItem","position":3,"name":"peluche dinosaure"}]},{"@type":"WebSite","@id":"https:\/\/mamscouture.fr\/#website","url":"https:\/\/mamscouture.fr\/","name":"Mam&#039;s couture","description":"Un site utilisant WordPress","potentialAction":[{"@type":"SearchAction","target":{"@type":"EntryPoint","urlTemplate":"https:\/\/mamscouture.fr\/?s={search_term_string}"},"query-input":{"@type":"PropertyValueSpecification","valueRequired":true,"valueName":"search_term_string"}}],"inLanguage":"fr-FR"}]}},"jetpack_sharing_enabled":true,"_links":{"self":[{"href":"https:\/\/mamscouture.fr\/index.php?rest_route=\/wp\/v2\/product\/3204","targetHints":{"allow":["GET"]}}],"collection":[{"href":"https:\/\/mamscouture.fr\/index.php?rest_route=\/wp\/v2\/product"}],"about":[{"href":"https:\/\/mamscouture.fr\/index.php?rest_route=\/wp\/v2\/types\/product"}],"replies":[{"embeddable":true,"href":"https:\/\/mamscouture.fr\/index.php?rest_route=%2Fwp%2Fv2%2Fcomments&post=3204"}],"wp:featuredmedia":[{"embeddable":true,"href":"https:\/\/mamscouture.fr\/index.php?rest_route=\/wp\/v2\/media\/3217"}],"wp:attachment":[{"href":"https:\/\/mamscouture.fr\/index.php?rest_route=%2Fwp%2Fv2%2Fmedia&parent=3204"}],"wp:term":[{"taxonomy":"product_cat","embeddable":true,"href":"https:\/\/mamscouture.fr\/index.php?rest_route=%2Fwp%2Fv2%2Fproduct_cat&post=3204"},{"taxonomy":"product_tag","embeddable":true,"href":"https:\/\/mamscouture.fr\/index.php?rest_route=%2Fwp%2Fv2%2Fproduct_tag&post=3204"}],"curies":[{"name":"wp","href":"https:\/\/api.w.org\/{rel}","templated":true}]}}