{"id":3151,"date":"2025-11-26T21:20:44","date_gmt":"2025-11-26T20:20:44","guid":{"rendered":"https:\/\/mamscouture.fr\/?post_type=product&#038;p=3151"},"modified":"2026-04-02T23:25:58","modified_gmt":"2026-04-02T21:25:58","slug":"plaid-minky-4","status":"publish","type":"product","link":"https:\/\/mamscouture.fr\/?product=plaid-minky-4","title":{"rendered":"plaid double gaze"},"content":{"rendered":"<p>Offrez \u00e0 votre b\u00e9b\u00e9 un doux cocon avec notre plaid brod\u00e9 personnalis\u00e9 en tissu minky doubl\u00e9. \ud83d\udc95 Choisissez parmi nos nombreux jolis motifs brod\u00e9s (\ud83c\udf08 arc-en-ciel, \ud83e\udd8a renard, \ud83e\udd84 licorne, \ud83d\udc09 dragon, \ud83e\udd8b papillon, et bien plus encore) pour un cadeau de naissance absolument unique ! Ce plaid doux et chaleureux, brod\u00e9 avec soin, deviendra rapidement un essentiel pour b\u00e9b\u00e9. \u2728<\/p>\n<p>Caract\u00e9ristiques \ud83e\uddf8 :<br \/>\n\u2728 Tissu minky doubl\u00e9 : Ultra-doux et confortable, parfait pour les peaux d\u00e9licates.<br \/>\n\ud83d\udccf Dimensions : 80&#215;80 cm \u2013 id\u00e9al pour emmailloter b\u00e9b\u00e9, l&#8217;utiliser dans la poussette, ou comme couverture d\u2019appoint.<br \/>\n\u2702\ufe0f Personnalisation : Brodez le pr\u00e9nom de votre enfant avec le motif de votre choix pour un cadeau 100% unique.<\/p>\n","protected":false},"excerpt":{"rendered":"<p>Offrez \u00e0 votre b\u00e9b\u00e9 un doux cocon avec notre plaid brod\u00e9 personnalis\u00e9 en tissu minky doubl\u00e9. \ud83d\udc95 Choisissez parmi nos [&hellip;]<\/p>\n","protected":false},"featured_media":3152,"comment_status":"open","ping_status":"closed","template":"","meta":{"site-sidebar-layout":"default","site-content-layout":"","ast-site-content-layout":"default","site-content-style":"default","site-sidebar-style":"default","ast-global-header-display":"","ast-banner-title-visibility":"","ast-main-header-display":"","ast-hfb-above-header-display":"","ast-hfb-below-header-display":"","ast-hfb-mobile-header-display":"","site-post-title":"","ast-breadcrumbs-content":"","ast-featured-img":"","footer-sml-layout":"","theme-transparent-header-meta":"default","adv-header-id-meta":"","stick-header-meta":"","header-above-stick-meta":"","header-main-stick-meta":"","header-below-stick-meta":"","astra-migrate-meta-layouts":"set","ast-page-background-enabled":"default","ast-page-background-meta":{"desktop":{"background-color":"var(--ast-global-color-4)","background-image":"","background-repeat":"repeat","background-position":"center center","background-size":"auto","background-attachment":"scroll","background-type":"","background-media":"","overlay-type":"","overlay-color":"","overlay-opacity":"","overlay-gradient":""},"tablet":{"background-color":"","background-image":"","background-repeat":"repeat","background-position":"center center","background-size":"auto","background-attachment":"scroll","background-type":"","background-media":"","overlay-type":"","overlay-color":"","overlay-opacity":"","overlay-gradient":""},"mobile":{"background-color":"","background-image":"","background-repeat":"repeat","background-position":"center center","background-size":"auto","background-attachment":"scroll","background-type":"","background-media":"","overlay-type":"","overlay-color":"","overlay-opacity":"","overlay-gradient":""}},"ast-content-background-meta":{"desktop":{"background-color":"var(--ast-global-color-5)","background-image":"","background-repeat":"repeat","background-position":"center center","background-size":"auto","background-attachment":"scroll","background-type":"","background-media":"","overlay-type":"","overlay-color":"","overlay-opacity":"","overlay-gradient":""},"tablet":{"background-color":"var(--ast-global-color-5)","background-image":"","background-repeat":"repeat","background-position":"center center","background-size":"auto","background-attachment":"scroll","background-type":"","background-media":"","overlay-type":"","overlay-color":"","overlay-opacity":"","overlay-gradient":""},"mobile":{"background-color":"var(--ast-global-color-5)","background-image":"","background-repeat":"repeat","background-position":"center center","background-size":"auto","background-attachment":"scroll","background-type":"","background-media":"","overlay-type":"","overlay-color":"","overlay-opacity":"","overlay-gradient":""}}},"product_cat":[84],"product_tag":[],"class_list":{"0":"post-3151","1":"product","2":"type-product","3":"status-publish","4":"has-post-thumbnail","6":"product_cat-plaid","7":"desktop-align-left","8":"tablet-align-left","9":"mobile-align-left","11":"first","12":"instock","13":"shipping-taxable","14":"purchasable","15":"product-type-simple"},"yoast_head":"<!-- This site is optimized with the Yoast SEO plugin v23.4 - https:\/\/yoast.com\/wordpress\/plugins\/seo\/ -->\n<title>plaid double gaze - Mam&#039;s couture<\/title>\n<meta name=\"robots\" content=\"index, follow, max-snippet:-1, max-image-preview:large, max-video-preview:-1\" \/>\n<link rel=\"canonical\" href=\"https:\/\/mamscouture.fr\/?product=plaid-minky-4\" \/>\n<meta property=\"og:locale\" content=\"fr_FR\" \/>\n<meta property=\"og:type\" content=\"article\" \/>\n<meta property=\"og:title\" content=\"plaid double gaze - Mam&#039;s couture\" \/>\n<meta property=\"og:description\" content=\"Offrez \u00e0 votre b\u00e9b\u00e9 un doux cocon avec notre plaid brod\u00e9 personnalis\u00e9 en tissu minky doubl\u00e9. \ud83d\udc95 Choisissez parmi nos [&hellip;]\" \/>\n<meta property=\"og:url\" content=\"https:\/\/mamscouture.fr\/?product=plaid-minky-4\" \/>\n<meta property=\"og:site_name\" content=\"Mam&#039;s couture\" \/>\n<meta property=\"article:modified_time\" content=\"2026-04-02T21:25:58+00:00\" \/>\n<meta property=\"og:image\" content=\"https:\/\/mamscouture.fr\/wp-content\/uploads\/2025\/11\/CFEA6924-12C1-43A5-AD50-0F4876A83BFA.jpeg\" \/>\n\t<meta property=\"og:image:width\" content=\"480\" \/>\n\t<meta property=\"og:image:height\" content=\"640\" \/>\n\t<meta property=\"og:image:type\" content=\"image\/jpeg\" \/>\n<meta name=\"twitter:card\" content=\"summary_large_image\" \/>\n<meta name=\"twitter:label1\" content=\"Dur\u00e9e de lecture estim\u00e9e\" \/>\n\t<meta name=\"twitter:data1\" content=\"1 minute\" \/>\n<script type=\"application\/ld+json\" class=\"yoast-schema-graph\">{\"@context\":\"https:\/\/schema.org\",\"@graph\":[{\"@type\":\"WebPage\",\"@id\":\"https:\/\/mamscouture.fr\/?product=plaid-minky-4\",\"url\":\"https:\/\/mamscouture.fr\/?product=plaid-minky-4\",\"name\":\"plaid double gaze - Mam&#039;s couture\",\"isPartOf\":{\"@id\":\"https:\/\/mamscouture.fr\/#website\"},\"primaryImageOfPage\":{\"@id\":\"https:\/\/mamscouture.fr\/?product=plaid-minky-4#primaryimage\"},\"image\":{\"@id\":\"https:\/\/mamscouture.fr\/?product=plaid-minky-4#primaryimage\"},\"thumbnailUrl\":\"https:\/\/mamscouture.fr\/wp-content\/uploads\/2025\/11\/CFEA6924-12C1-43A5-AD50-0F4876A83BFA.jpeg\",\"datePublished\":\"2025-11-26T20:20:44+00:00\",\"dateModified\":\"2026-04-02T21:25:58+00:00\",\"breadcrumb\":{\"@id\":\"https:\/\/mamscouture.fr\/?product=plaid-minky-4#breadcrumb\"},\"inLanguage\":\"fr-FR\",\"potentialAction\":[{\"@type\":\"ReadAction\",\"target\":[\"https:\/\/mamscouture.fr\/?product=plaid-minky-4\"]}]},{\"@type\":\"ImageObject\",\"inLanguage\":\"fr-FR\",\"@id\":\"https:\/\/mamscouture.fr\/?product=plaid-minky-4#primaryimage\",\"url\":\"https:\/\/mamscouture.fr\/wp-content\/uploads\/2025\/11\/CFEA6924-12C1-43A5-AD50-0F4876A83BFA.jpeg\",\"contentUrl\":\"https:\/\/mamscouture.fr\/wp-content\/uploads\/2025\/11\/CFEA6924-12C1-43A5-AD50-0F4876A83BFA.jpeg\",\"width\":480,\"height\":640},{\"@type\":\"BreadcrumbList\",\"@id\":\"https:\/\/mamscouture.fr\/?product=plaid-minky-4#breadcrumb\",\"itemListElement\":[{\"@type\":\"ListItem\",\"position\":1,\"name\":\"Accueil\",\"item\":\"https:\/\/mamscouture.fr\/\"},{\"@type\":\"ListItem\",\"position\":2,\"name\":\"Boutique\",\"item\":\"https:\/\/mamscouture.fr\/?page_id=6\"},{\"@type\":\"ListItem\",\"position\":3,\"name\":\"plaid double gaze\"}]},{\"@type\":\"WebSite\",\"@id\":\"https:\/\/mamscouture.fr\/#website\",\"url\":\"https:\/\/mamscouture.fr\/\",\"name\":\"Mam&#039;s couture\",\"description\":\"Un site utilisant WordPress\",\"potentialAction\":[{\"@type\":\"SearchAction\",\"target\":{\"@type\":\"EntryPoint\",\"urlTemplate\":\"https:\/\/mamscouture.fr\/?s={search_term_string}\"},\"query-input\":{\"@type\":\"PropertyValueSpecification\",\"valueRequired\":true,\"valueName\":\"search_term_string\"}}],\"inLanguage\":\"fr-FR\"}]}<\/script>\n<!-- \/ Yoast SEO plugin. -->","yoast_head_json":{"title":"plaid double gaze - Mam&#039;s couture","robots":{"index":"index","follow":"follow","max-snippet":"max-snippet:-1","max-image-preview":"max-image-preview:large","max-video-preview":"max-video-preview:-1"},"canonical":"https:\/\/mamscouture.fr\/?product=plaid-minky-4","og_locale":"fr_FR","og_type":"article","og_title":"plaid double gaze - Mam&#039;s couture","og_description":"Offrez \u00e0 votre b\u00e9b\u00e9 un doux cocon avec notre plaid brod\u00e9 personnalis\u00e9 en tissu minky doubl\u00e9. \ud83d\udc95 Choisissez parmi nos [&hellip;]","og_url":"https:\/\/mamscouture.fr\/?product=plaid-minky-4","og_site_name":"Mam&#039;s couture","article_modified_time":"2026-04-02T21:25:58+00:00","og_image":[{"width":480,"height":640,"url":"https:\/\/mamscouture.fr\/wp-content\/uploads\/2025\/11\/CFEA6924-12C1-43A5-AD50-0F4876A83BFA.jpeg","type":"image\/jpeg"}],"twitter_card":"summary_large_image","twitter_misc":{"Dur\u00e9e de lecture estim\u00e9e":"1 minute"},"schema":{"@context":"https:\/\/schema.org","@graph":[{"@type":"WebPage","@id":"https:\/\/mamscouture.fr\/?product=plaid-minky-4","url":"https:\/\/mamscouture.fr\/?product=plaid-minky-4","name":"plaid double gaze - Mam&#039;s couture","isPartOf":{"@id":"https:\/\/mamscouture.fr\/#website"},"primaryImageOfPage":{"@id":"https:\/\/mamscouture.fr\/?product=plaid-minky-4#primaryimage"},"image":{"@id":"https:\/\/mamscouture.fr\/?product=plaid-minky-4#primaryimage"},"thumbnailUrl":"https:\/\/mamscouture.fr\/wp-content\/uploads\/2025\/11\/CFEA6924-12C1-43A5-AD50-0F4876A83BFA.jpeg","datePublished":"2025-11-26T20:20:44+00:00","dateModified":"2026-04-02T21:25:58+00:00","breadcrumb":{"@id":"https:\/\/mamscouture.fr\/?product=plaid-minky-4#breadcrumb"},"inLanguage":"fr-FR","potentialAction":[{"@type":"ReadAction","target":["https:\/\/mamscouture.fr\/?product=plaid-minky-4"]}]},{"@type":"ImageObject","inLanguage":"fr-FR","@id":"https:\/\/mamscouture.fr\/?product=plaid-minky-4#primaryimage","url":"https:\/\/mamscouture.fr\/wp-content\/uploads\/2025\/11\/CFEA6924-12C1-43A5-AD50-0F4876A83BFA.jpeg","contentUrl":"https:\/\/mamscouture.fr\/wp-content\/uploads\/2025\/11\/CFEA6924-12C1-43A5-AD50-0F4876A83BFA.jpeg","width":480,"height":640},{"@type":"BreadcrumbList","@id":"https:\/\/mamscouture.fr\/?product=plaid-minky-4#breadcrumb","itemListElement":[{"@type":"ListItem","position":1,"name":"Accueil","item":"https:\/\/mamscouture.fr\/"},{"@type":"ListItem","position":2,"name":"Boutique","item":"https:\/\/mamscouture.fr\/?page_id=6"},{"@type":"ListItem","position":3,"name":"plaid double gaze"}]},{"@type":"WebSite","@id":"https:\/\/mamscouture.fr\/#website","url":"https:\/\/mamscouture.fr\/","name":"Mam&#039;s couture","description":"Un site utilisant WordPress","potentialAction":[{"@type":"SearchAction","target":{"@type":"EntryPoint","urlTemplate":"https:\/\/mamscouture.fr\/?s={search_term_string}"},"query-input":{"@type":"PropertyValueSpecification","valueRequired":true,"valueName":"search_term_string"}}],"inLanguage":"fr-FR"}]}},"jetpack_sharing_enabled":true,"_links":{"self":[{"href":"https:\/\/mamscouture.fr\/index.php?rest_route=\/wp\/v2\/product\/3151","targetHints":{"allow":["GET"]}}],"collection":[{"href":"https:\/\/mamscouture.fr\/index.php?rest_route=\/wp\/v2\/product"}],"about":[{"href":"https:\/\/mamscouture.fr\/index.php?rest_route=\/wp\/v2\/types\/product"}],"replies":[{"embeddable":true,"href":"https:\/\/mamscouture.fr\/index.php?rest_route=%2Fwp%2Fv2%2Fcomments&post=3151"}],"wp:featuredmedia":[{"embeddable":true,"href":"https:\/\/mamscouture.fr\/index.php?rest_route=\/wp\/v2\/media\/3152"}],"wp:attachment":[{"href":"https:\/\/mamscouture.fr\/index.php?rest_route=%2Fwp%2Fv2%2Fmedia&parent=3151"}],"wp:term":[{"taxonomy":"product_cat","embeddable":true,"href":"https:\/\/mamscouture.fr\/index.php?rest_route=%2Fwp%2Fv2%2Fproduct_cat&post=3151"},{"taxonomy":"product_tag","embeddable":true,"href":"https:\/\/mamscouture.fr\/index.php?rest_route=%2Fwp%2Fv2%2Fproduct_tag&post=3151"}],"curies":[{"name":"wp","href":"https:\/\/api.w.org\/{rel}","templated":true}]}}