{"id":2990,"date":"2025-11-26T13:09:07","date_gmt":"2025-11-26T12:09:07","guid":{"rendered":"https:\/\/mamscouture.fr\/?post_type=product&#038;p=2990"},"modified":"2026-04-02T23:26:53","modified_gmt":"2026-04-02T21:26:53","slug":"trousse-de-toilette-savane","status":"publish","type":"product","link":"https:\/\/mamscouture.fr\/?product=trousse-de-toilette-savane","title":{"rendered":"trousse de toilette savane"},"content":{"rendered":"<p>Trousse de toilette b\u00e9b\u00e9 personnalis\u00e9e ou non\u2013 Id\u00e9e cadeau naissance<\/p>\n<p>Offrez \u00e0 votre b\u00e9b\u00e9 ou \u00e0 vos proches une trousse de toilette b\u00e9b\u00e9 pratique et \u00e9l\u00e9gante, fabriqu\u00e9e \u00e0 la main .Parfaite pour ranger les affaires de b\u00e9b\u00e9, les produits de soin ou vos essentiels du quotidien, cette trousse allie style et fonctionnalit\u00e9.<\/p>\n","protected":false},"excerpt":{"rendered":"<p>Trousse de toilette b\u00e9b\u00e9 personnalis\u00e9e ou non\u2013 Id\u00e9e cadeau naissance Offrez \u00e0 votre b\u00e9b\u00e9 ou \u00e0 vos proches une trousse [&hellip;]<\/p>\n","protected":false},"featured_media":2991,"comment_status":"open","ping_status":"closed","template":"","meta":{"site-sidebar-layout":"default","site-content-layout":"","ast-site-content-layout":"default","site-content-style":"default","site-sidebar-style":"default","ast-global-header-display":"","ast-banner-title-visibility":"","ast-main-header-display":"","ast-hfb-above-header-display":"","ast-hfb-below-header-display":"","ast-hfb-mobile-header-display":"","site-post-title":"","ast-breadcrumbs-content":"","ast-featured-img":"","footer-sml-layout":"","theme-transparent-header-meta":"default","adv-header-id-meta":"","stick-header-meta":"","header-above-stick-meta":"","header-main-stick-meta":"","header-below-stick-meta":"","astra-migrate-meta-layouts":"set","ast-page-background-enabled":"default","ast-page-background-meta":{"desktop":{"background-color":"var(--ast-global-color-4)","background-image":"","background-repeat":"repeat","background-position":"center center","background-size":"auto","background-attachment":"scroll","background-type":"","background-media":"","overlay-type":"","overlay-color":"","overlay-opacity":"","overlay-gradient":""},"tablet":{"background-color":"","background-image":"","background-repeat":"repeat","background-position":"center center","background-size":"auto","background-attachment":"scroll","background-type":"","background-media":"","overlay-type":"","overlay-color":"","overlay-opacity":"","overlay-gradient":""},"mobile":{"background-color":"","background-image":"","background-repeat":"repeat","background-position":"center center","background-size":"auto","background-attachment":"scroll","background-type":"","background-media":"","overlay-type":"","overlay-color":"","overlay-opacity":"","overlay-gradient":""}},"ast-content-background-meta":{"desktop":{"background-color":"var(--ast-global-color-5)","background-image":"","background-repeat":"repeat","background-position":"center center","background-size":"auto","background-attachment":"scroll","background-type":"","background-media":"","overlay-type":"","overlay-color":"","overlay-opacity":"","overlay-gradient":""},"tablet":{"background-color":"var(--ast-global-color-5)","background-image":"","background-repeat":"repeat","background-position":"center center","background-size":"auto","background-attachment":"scroll","background-type":"","background-media":"","overlay-type":"","overlay-color":"","overlay-opacity":"","overlay-gradient":""},"mobile":{"background-color":"var(--ast-global-color-5)","background-image":"","background-repeat":"repeat","background-position":"center center","background-size":"auto","background-attachment":"scroll","background-type":"","background-media":"","overlay-type":"","overlay-color":"","overlay-opacity":"","overlay-gradient":""}}},"product_cat":[80],"product_tag":[],"class_list":{"0":"post-2990","1":"product","2":"type-product","3":"status-publish","4":"has-post-thumbnail","6":"product_cat-trousse-de-toilette","7":"desktop-align-left","8":"tablet-align-left","9":"mobile-align-left","11":"first","12":"instock","13":"shipping-taxable","14":"purchasable","15":"product-type-simple"},"yoast_head":"<!-- This site is optimized with the Yoast SEO plugin v23.4 - https:\/\/yoast.com\/wordpress\/plugins\/seo\/ -->\n<title>trousse de toilette savane - Mam&#039;s couture<\/title>\n<meta name=\"robots\" content=\"index, follow, max-snippet:-1, max-image-preview:large, max-video-preview:-1\" \/>\n<link rel=\"canonical\" href=\"https:\/\/mamscouture.fr\/?product=trousse-de-toilette-savane\" \/>\n<meta property=\"og:locale\" content=\"fr_FR\" \/>\n<meta property=\"og:type\" content=\"article\" \/>\n<meta property=\"og:title\" content=\"trousse de toilette savane - Mam&#039;s couture\" \/>\n<meta property=\"og:description\" content=\"Trousse de toilette b\u00e9b\u00e9 personnalis\u00e9e ou non\u2013 Id\u00e9e cadeau naissance Offrez \u00e0 votre b\u00e9b\u00e9 ou \u00e0 vos proches une trousse [&hellip;]\" \/>\n<meta property=\"og:url\" content=\"https:\/\/mamscouture.fr\/?product=trousse-de-toilette-savane\" \/>\n<meta property=\"og:site_name\" content=\"Mam&#039;s couture\" \/>\n<meta property=\"article:modified_time\" content=\"2026-04-02T21:26:53+00:00\" \/>\n<meta property=\"og:image\" content=\"https:\/\/mamscouture.fr\/wp-content\/uploads\/2025\/11\/20142CA2-0E42-49D7-A93E-2B12B43EE077.jpeg\" \/>\n\t<meta property=\"og:image:width\" content=\"971\" \/>\n\t<meta property=\"og:image:height\" content=\"1275\" \/>\n\t<meta property=\"og:image:type\" content=\"image\/jpeg\" \/>\n<meta name=\"twitter:card\" content=\"summary_large_image\" \/>\n<meta name=\"twitter:label1\" content=\"Dur\u00e9e de lecture estim\u00e9e\" \/>\n\t<meta name=\"twitter:data1\" content=\"1 minute\" \/>\n<script type=\"application\/ld+json\" class=\"yoast-schema-graph\">{\"@context\":\"https:\/\/schema.org\",\"@graph\":[{\"@type\":\"WebPage\",\"@id\":\"https:\/\/mamscouture.fr\/?product=trousse-de-toilette-savane\",\"url\":\"https:\/\/mamscouture.fr\/?product=trousse-de-toilette-savane\",\"name\":\"trousse de toilette savane - Mam&#039;s couture\",\"isPartOf\":{\"@id\":\"https:\/\/mamscouture.fr\/#website\"},\"primaryImageOfPage\":{\"@id\":\"https:\/\/mamscouture.fr\/?product=trousse-de-toilette-savane#primaryimage\"},\"image\":{\"@id\":\"https:\/\/mamscouture.fr\/?product=trousse-de-toilette-savane#primaryimage\"},\"thumbnailUrl\":\"https:\/\/mamscouture.fr\/wp-content\/uploads\/2025\/11\/20142CA2-0E42-49D7-A93E-2B12B43EE077.jpeg\",\"datePublished\":\"2025-11-26T12:09:07+00:00\",\"dateModified\":\"2026-04-02T21:26:53+00:00\",\"breadcrumb\":{\"@id\":\"https:\/\/mamscouture.fr\/?product=trousse-de-toilette-savane#breadcrumb\"},\"inLanguage\":\"fr-FR\",\"potentialAction\":[{\"@type\":\"ReadAction\",\"target\":[\"https:\/\/mamscouture.fr\/?product=trousse-de-toilette-savane\"]}]},{\"@type\":\"ImageObject\",\"inLanguage\":\"fr-FR\",\"@id\":\"https:\/\/mamscouture.fr\/?product=trousse-de-toilette-savane#primaryimage\",\"url\":\"https:\/\/mamscouture.fr\/wp-content\/uploads\/2025\/11\/20142CA2-0E42-49D7-A93E-2B12B43EE077.jpeg\",\"contentUrl\":\"https:\/\/mamscouture.fr\/wp-content\/uploads\/2025\/11\/20142CA2-0E42-49D7-A93E-2B12B43EE077.jpeg\",\"width\":971,\"height\":1275},{\"@type\":\"BreadcrumbList\",\"@id\":\"https:\/\/mamscouture.fr\/?product=trousse-de-toilette-savane#breadcrumb\",\"itemListElement\":[{\"@type\":\"ListItem\",\"position\":1,\"name\":\"Accueil\",\"item\":\"https:\/\/mamscouture.fr\/\"},{\"@type\":\"ListItem\",\"position\":2,\"name\":\"Boutique\",\"item\":\"https:\/\/mamscouture.fr\/?page_id=6\"},{\"@type\":\"ListItem\",\"position\":3,\"name\":\"trousse de toilette savane\"}]},{\"@type\":\"WebSite\",\"@id\":\"https:\/\/mamscouture.fr\/#website\",\"url\":\"https:\/\/mamscouture.fr\/\",\"name\":\"Mam&#039;s couture\",\"description\":\"Un site utilisant WordPress\",\"potentialAction\":[{\"@type\":\"SearchAction\",\"target\":{\"@type\":\"EntryPoint\",\"urlTemplate\":\"https:\/\/mamscouture.fr\/?s={search_term_string}\"},\"query-input\":{\"@type\":\"PropertyValueSpecification\",\"valueRequired\":true,\"valueName\":\"search_term_string\"}}],\"inLanguage\":\"fr-FR\"}]}<\/script>\n<!-- \/ Yoast SEO plugin. -->","yoast_head_json":{"title":"trousse de toilette savane - Mam&#039;s couture","robots":{"index":"index","follow":"follow","max-snippet":"max-snippet:-1","max-image-preview":"max-image-preview:large","max-video-preview":"max-video-preview:-1"},"canonical":"https:\/\/mamscouture.fr\/?product=trousse-de-toilette-savane","og_locale":"fr_FR","og_type":"article","og_title":"trousse de toilette savane - Mam&#039;s couture","og_description":"Trousse de toilette b\u00e9b\u00e9 personnalis\u00e9e ou non\u2013 Id\u00e9e cadeau naissance Offrez \u00e0 votre b\u00e9b\u00e9 ou \u00e0 vos proches une trousse [&hellip;]","og_url":"https:\/\/mamscouture.fr\/?product=trousse-de-toilette-savane","og_site_name":"Mam&#039;s couture","article_modified_time":"2026-04-02T21:26:53+00:00","og_image":[{"width":971,"height":1275,"url":"https:\/\/mamscouture.fr\/wp-content\/uploads\/2025\/11\/20142CA2-0E42-49D7-A93E-2B12B43EE077.jpeg","type":"image\/jpeg"}],"twitter_card":"summary_large_image","twitter_misc":{"Dur\u00e9e de lecture estim\u00e9e":"1 minute"},"schema":{"@context":"https:\/\/schema.org","@graph":[{"@type":"WebPage","@id":"https:\/\/mamscouture.fr\/?product=trousse-de-toilette-savane","url":"https:\/\/mamscouture.fr\/?product=trousse-de-toilette-savane","name":"trousse de toilette savane - Mam&#039;s couture","isPartOf":{"@id":"https:\/\/mamscouture.fr\/#website"},"primaryImageOfPage":{"@id":"https:\/\/mamscouture.fr\/?product=trousse-de-toilette-savane#primaryimage"},"image":{"@id":"https:\/\/mamscouture.fr\/?product=trousse-de-toilette-savane#primaryimage"},"thumbnailUrl":"https:\/\/mamscouture.fr\/wp-content\/uploads\/2025\/11\/20142CA2-0E42-49D7-A93E-2B12B43EE077.jpeg","datePublished":"2025-11-26T12:09:07+00:00","dateModified":"2026-04-02T21:26:53+00:00","breadcrumb":{"@id":"https:\/\/mamscouture.fr\/?product=trousse-de-toilette-savane#breadcrumb"},"inLanguage":"fr-FR","potentialAction":[{"@type":"ReadAction","target":["https:\/\/mamscouture.fr\/?product=trousse-de-toilette-savane"]}]},{"@type":"ImageObject","inLanguage":"fr-FR","@id":"https:\/\/mamscouture.fr\/?product=trousse-de-toilette-savane#primaryimage","url":"https:\/\/mamscouture.fr\/wp-content\/uploads\/2025\/11\/20142CA2-0E42-49D7-A93E-2B12B43EE077.jpeg","contentUrl":"https:\/\/mamscouture.fr\/wp-content\/uploads\/2025\/11\/20142CA2-0E42-49D7-A93E-2B12B43EE077.jpeg","width":971,"height":1275},{"@type":"BreadcrumbList","@id":"https:\/\/mamscouture.fr\/?product=trousse-de-toilette-savane#breadcrumb","itemListElement":[{"@type":"ListItem","position":1,"name":"Accueil","item":"https:\/\/mamscouture.fr\/"},{"@type":"ListItem","position":2,"name":"Boutique","item":"https:\/\/mamscouture.fr\/?page_id=6"},{"@type":"ListItem","position":3,"name":"trousse de toilette savane"}]},{"@type":"WebSite","@id":"https:\/\/mamscouture.fr\/#website","url":"https:\/\/mamscouture.fr\/","name":"Mam&#039;s couture","description":"Un site utilisant WordPress","potentialAction":[{"@type":"SearchAction","target":{"@type":"EntryPoint","urlTemplate":"https:\/\/mamscouture.fr\/?s={search_term_string}"},"query-input":{"@type":"PropertyValueSpecification","valueRequired":true,"valueName":"search_term_string"}}],"inLanguage":"fr-FR"}]}},"jetpack_sharing_enabled":true,"_links":{"self":[{"href":"https:\/\/mamscouture.fr\/index.php?rest_route=\/wp\/v2\/product\/2990","targetHints":{"allow":["GET"]}}],"collection":[{"href":"https:\/\/mamscouture.fr\/index.php?rest_route=\/wp\/v2\/product"}],"about":[{"href":"https:\/\/mamscouture.fr\/index.php?rest_route=\/wp\/v2\/types\/product"}],"replies":[{"embeddable":true,"href":"https:\/\/mamscouture.fr\/index.php?rest_route=%2Fwp%2Fv2%2Fcomments&post=2990"}],"wp:featuredmedia":[{"embeddable":true,"href":"https:\/\/mamscouture.fr\/index.php?rest_route=\/wp\/v2\/media\/2991"}],"wp:attachment":[{"href":"https:\/\/mamscouture.fr\/index.php?rest_route=%2Fwp%2Fv2%2Fmedia&parent=2990"}],"wp:term":[{"taxonomy":"product_cat","embeddable":true,"href":"https:\/\/mamscouture.fr\/index.php?rest_route=%2Fwp%2Fv2%2Fproduct_cat&post=2990"},{"taxonomy":"product_tag","embeddable":true,"href":"https:\/\/mamscouture.fr\/index.php?rest_route=%2Fwp%2Fv2%2Fproduct_tag&post=2990"}],"curies":[{"name":"wp","href":"https:\/\/api.w.org\/{rel}","templated":true}]}}