{"id":2925,"date":"2025-11-25T14:20:00","date_gmt":"2025-11-25T13:20:00","guid":{"rendered":"https:\/\/mamscouture.fr\/?post_type=product&#038;p=2925"},"modified":"2026-04-02T23:28:13","modified_gmt":"2026-04-02T21:28:13","slug":"couverture-bebe-panda","status":"publish","type":"product","link":"https:\/\/mamscouture.fr\/?product=couverture-bebe-panda","title":{"rendered":"couverture b\u00e9b\u00e9 panda"},"content":{"rendered":"<div class=\"listing-info info-col description-right wt-order-xs-5\">\n<div class=\"wt-flex-lg-3 wt-order-xs-1 wt-order-lg-3 wt-max-width-full wt-pl-md-4 wt-pr-md-4 wt-pl-lg-0 wt-pr-lg-5 wt-pl-xs-2 wt-pr-xs-2\">\n<div data-appears-component-name=\"product_details\">\n<div id=\"product_details\" class=\"appears-ready\">\n<div class=\"wt-content-toggle \" data-selector=\"info-section-content-toggle\">\n<div id=\"product_details_content_toggle\" class=\"wt-content-toggle__body\" aria-hidden=\"false\">\n<div class=\"wt-mb-xs-6\">\n<div data-id=\"description-text\">\n<div id=\"content-toggle-product-details-read-more\" class=\"wt-content-toggle__body wt-content-toggle__body--truncated wt-content-toggle__body--truncated-02\" aria-hidden=\"false\">\n<p class=\"wt-text-body-01 wt-break-word\" data-product-details-description-text-content=\"\">Belle couverture b\u00e9b\u00e9 coton imprim\u00e9 d&#8217;un c\u00f4t\u00e9 et minky \u00a0de l&#8217;autre.<br \/>\nUtilise pour tenir b\u00e9b\u00e9 au chaud lors de ses siestes et nuit<br \/>\nElle est doubler avec une couche de molleton \u00e0 l&#8217;int\u00e9rieur pour plus de moelleux et de chaleur.<br \/>\nMod\u00e8le hiver : Molletonn\u00e9e, plus \u00e9paisse et plus chaude<br \/>\nTaille :70X100cm<\/p>\n<\/div>\n<p data-product-details-description-text-content=\"\">Elle n&#8217;est pas encore confectionn\u00e9 pour vous laissez le choix de broder le pr\u00e9nom<\/p>\n<\/div>\n<\/div>\n<\/div>\n<\/div>\n<\/div>\n<\/div>\n<\/div>\n<\/div>\n","protected":false},"excerpt":{"rendered":"<p>Belle couverture b\u00e9b\u00e9 coton imprim\u00e9 d&#8217;un c\u00f4t\u00e9 et minky \u00a0de l&#8217;autre. Utilise pour tenir b\u00e9b\u00e9 au chaud lors de ses [&hellip;]<\/p>\n","protected":false},"featured_media":2926,"comment_status":"open","ping_status":"closed","template":"","meta":{"site-sidebar-layout":"default","site-content-layout":"","ast-site-content-layout":"default","site-content-style":"default","site-sidebar-style":"default","ast-global-header-display":"","ast-banner-title-visibility":"","ast-main-header-display":"","ast-hfb-above-header-display":"","ast-hfb-below-header-display":"","ast-hfb-mobile-header-display":"","site-post-title":"","ast-breadcrumbs-content":"","ast-featured-img":"","footer-sml-layout":"","theme-transparent-header-meta":"default","adv-header-id-meta":"","stick-header-meta":"","header-above-stick-meta":"","header-main-stick-meta":"","header-below-stick-meta":"","astra-migrate-meta-layouts":"set","ast-page-background-enabled":"default","ast-page-background-meta":{"desktop":{"background-color":"var(--ast-global-color-4)","background-image":"","background-repeat":"repeat","background-position":"center center","background-size":"auto","background-attachment":"scroll","background-type":"","background-media":"","overlay-type":"","overlay-color":"","overlay-opacity":"","overlay-gradient":""},"tablet":{"background-color":"","background-image":"","background-repeat":"repeat","background-position":"center center","background-size":"auto","background-attachment":"scroll","background-type":"","background-media":"","overlay-type":"","overlay-color":"","overlay-opacity":"","overlay-gradient":""},"mobile":{"background-color":"","background-image":"","background-repeat":"repeat","background-position":"center center","background-size":"auto","background-attachment":"scroll","background-type":"","background-media":"","overlay-type":"","overlay-color":"","overlay-opacity":"","overlay-gradient":""}},"ast-content-background-meta":{"desktop":{"background-color":"var(--ast-global-color-5)","background-image":"","background-repeat":"repeat","background-position":"center center","background-size":"auto","background-attachment":"scroll","background-type":"","background-media":"","overlay-type":"","overlay-color":"","overlay-opacity":"","overlay-gradient":""},"tablet":{"background-color":"var(--ast-global-color-5)","background-image":"","background-repeat":"repeat","background-position":"center center","background-size":"auto","background-attachment":"scroll","background-type":"","background-media":"","overlay-type":"","overlay-color":"","overlay-opacity":"","overlay-gradient":""},"mobile":{"background-color":"var(--ast-global-color-5)","background-image":"","background-repeat":"repeat","background-position":"center center","background-size":"auto","background-attachment":"scroll","background-type":"","background-media":"","overlay-type":"","overlay-color":"","overlay-opacity":"","overlay-gradient":""}}},"product_cat":[15],"product_tag":[],"class_list":{"0":"post-2925","1":"product","2":"type-product","3":"status-publish","4":"has-post-thumbnail","6":"product_cat-couverture","7":"desktop-align-left","8":"tablet-align-left","9":"mobile-align-left","11":"first","12":"instock","13":"shipping-taxable","14":"purchasable","15":"product-type-simple"},"yoast_head":"<!-- This site is optimized with the Yoast SEO plugin v23.4 - https:\/\/yoast.com\/wordpress\/plugins\/seo\/ -->\n<title>couverture b\u00e9b\u00e9 panda - Mam&#039;s couture<\/title>\n<meta name=\"robots\" content=\"index, follow, max-snippet:-1, max-image-preview:large, max-video-preview:-1\" \/>\n<link rel=\"canonical\" href=\"https:\/\/mamscouture.fr\/?product=couverture-bebe-panda\" \/>\n<meta property=\"og:locale\" content=\"fr_FR\" \/>\n<meta property=\"og:type\" content=\"article\" \/>\n<meta property=\"og:title\" content=\"couverture b\u00e9b\u00e9 panda - Mam&#039;s couture\" \/>\n<meta property=\"og:description\" content=\"Belle couverture b\u00e9b\u00e9 coton imprim\u00e9 d&#8217;un c\u00f4t\u00e9 et minky \u00a0de l&#8217;autre. Utilise pour tenir b\u00e9b\u00e9 au chaud lors de ses [&hellip;]\" \/>\n<meta property=\"og:url\" content=\"https:\/\/mamscouture.fr\/?product=couverture-bebe-panda\" \/>\n<meta property=\"og:site_name\" content=\"Mam&#039;s couture\" \/>\n<meta property=\"article:modified_time\" content=\"2026-04-02T21:28:13+00:00\" \/>\n<meta property=\"og:image\" content=\"https:\/\/mamscouture.fr\/wp-content\/uploads\/2025\/11\/9F0096BC-F78B-4A04-AEB2-30D2C3D5AD39.jpeg\" \/>\n\t<meta property=\"og:image:width\" content=\"414\" \/>\n\t<meta property=\"og:image:height\" content=\"414\" \/>\n\t<meta property=\"og:image:type\" content=\"image\/jpeg\" \/>\n<meta name=\"twitter:card\" content=\"summary_large_image\" \/>\n<meta name=\"twitter:label1\" content=\"Dur\u00e9e de lecture estim\u00e9e\" \/>\n\t<meta name=\"twitter:data1\" content=\"1 minute\" \/>\n<script type=\"application\/ld+json\" class=\"yoast-schema-graph\">{\"@context\":\"https:\/\/schema.org\",\"@graph\":[{\"@type\":\"WebPage\",\"@id\":\"https:\/\/mamscouture.fr\/?product=couverture-bebe-panda\",\"url\":\"https:\/\/mamscouture.fr\/?product=couverture-bebe-panda\",\"name\":\"couverture b\u00e9b\u00e9 panda - Mam&#039;s couture\",\"isPartOf\":{\"@id\":\"https:\/\/mamscouture.fr\/#website\"},\"primaryImageOfPage\":{\"@id\":\"https:\/\/mamscouture.fr\/?product=couverture-bebe-panda#primaryimage\"},\"image\":{\"@id\":\"https:\/\/mamscouture.fr\/?product=couverture-bebe-panda#primaryimage\"},\"thumbnailUrl\":\"https:\/\/mamscouture.fr\/wp-content\/uploads\/2025\/11\/9F0096BC-F78B-4A04-AEB2-30D2C3D5AD39.jpeg\",\"datePublished\":\"2025-11-25T13:20:00+00:00\",\"dateModified\":\"2026-04-02T21:28:13+00:00\",\"breadcrumb\":{\"@id\":\"https:\/\/mamscouture.fr\/?product=couverture-bebe-panda#breadcrumb\"},\"inLanguage\":\"fr-FR\",\"potentialAction\":[{\"@type\":\"ReadAction\",\"target\":[\"https:\/\/mamscouture.fr\/?product=couverture-bebe-panda\"]}]},{\"@type\":\"ImageObject\",\"inLanguage\":\"fr-FR\",\"@id\":\"https:\/\/mamscouture.fr\/?product=couverture-bebe-panda#primaryimage\",\"url\":\"https:\/\/mamscouture.fr\/wp-content\/uploads\/2025\/11\/9F0096BC-F78B-4A04-AEB2-30D2C3D5AD39.jpeg\",\"contentUrl\":\"https:\/\/mamscouture.fr\/wp-content\/uploads\/2025\/11\/9F0096BC-F78B-4A04-AEB2-30D2C3D5AD39.jpeg\",\"width\":414,\"height\":414},{\"@type\":\"BreadcrumbList\",\"@id\":\"https:\/\/mamscouture.fr\/?product=couverture-bebe-panda#breadcrumb\",\"itemListElement\":[{\"@type\":\"ListItem\",\"position\":1,\"name\":\"Accueil\",\"item\":\"https:\/\/mamscouture.fr\/\"},{\"@type\":\"ListItem\",\"position\":2,\"name\":\"Boutique\",\"item\":\"https:\/\/mamscouture.fr\/?page_id=6\"},{\"@type\":\"ListItem\",\"position\":3,\"name\":\"couverture b\u00e9b\u00e9 panda\"}]},{\"@type\":\"WebSite\",\"@id\":\"https:\/\/mamscouture.fr\/#website\",\"url\":\"https:\/\/mamscouture.fr\/\",\"name\":\"Mam&#039;s couture\",\"description\":\"Un site utilisant WordPress\",\"potentialAction\":[{\"@type\":\"SearchAction\",\"target\":{\"@type\":\"EntryPoint\",\"urlTemplate\":\"https:\/\/mamscouture.fr\/?s={search_term_string}\"},\"query-input\":{\"@type\":\"PropertyValueSpecification\",\"valueRequired\":true,\"valueName\":\"search_term_string\"}}],\"inLanguage\":\"fr-FR\"}]}<\/script>\n<!-- \/ Yoast SEO plugin. -->","yoast_head_json":{"title":"couverture b\u00e9b\u00e9 panda - Mam&#039;s couture","robots":{"index":"index","follow":"follow","max-snippet":"max-snippet:-1","max-image-preview":"max-image-preview:large","max-video-preview":"max-video-preview:-1"},"canonical":"https:\/\/mamscouture.fr\/?product=couverture-bebe-panda","og_locale":"fr_FR","og_type":"article","og_title":"couverture b\u00e9b\u00e9 panda - Mam&#039;s couture","og_description":"Belle couverture b\u00e9b\u00e9 coton imprim\u00e9 d&#8217;un c\u00f4t\u00e9 et minky \u00a0de l&#8217;autre. Utilise pour tenir b\u00e9b\u00e9 au chaud lors de ses [&hellip;]","og_url":"https:\/\/mamscouture.fr\/?product=couverture-bebe-panda","og_site_name":"Mam&#039;s couture","article_modified_time":"2026-04-02T21:28:13+00:00","og_image":[{"width":414,"height":414,"url":"https:\/\/mamscouture.fr\/wp-content\/uploads\/2025\/11\/9F0096BC-F78B-4A04-AEB2-30D2C3D5AD39.jpeg","type":"image\/jpeg"}],"twitter_card":"summary_large_image","twitter_misc":{"Dur\u00e9e de lecture estim\u00e9e":"1 minute"},"schema":{"@context":"https:\/\/schema.org","@graph":[{"@type":"WebPage","@id":"https:\/\/mamscouture.fr\/?product=couverture-bebe-panda","url":"https:\/\/mamscouture.fr\/?product=couverture-bebe-panda","name":"couverture b\u00e9b\u00e9 panda - Mam&#039;s couture","isPartOf":{"@id":"https:\/\/mamscouture.fr\/#website"},"primaryImageOfPage":{"@id":"https:\/\/mamscouture.fr\/?product=couverture-bebe-panda#primaryimage"},"image":{"@id":"https:\/\/mamscouture.fr\/?product=couverture-bebe-panda#primaryimage"},"thumbnailUrl":"https:\/\/mamscouture.fr\/wp-content\/uploads\/2025\/11\/9F0096BC-F78B-4A04-AEB2-30D2C3D5AD39.jpeg","datePublished":"2025-11-25T13:20:00+00:00","dateModified":"2026-04-02T21:28:13+00:00","breadcrumb":{"@id":"https:\/\/mamscouture.fr\/?product=couverture-bebe-panda#breadcrumb"},"inLanguage":"fr-FR","potentialAction":[{"@type":"ReadAction","target":["https:\/\/mamscouture.fr\/?product=couverture-bebe-panda"]}]},{"@type":"ImageObject","inLanguage":"fr-FR","@id":"https:\/\/mamscouture.fr\/?product=couverture-bebe-panda#primaryimage","url":"https:\/\/mamscouture.fr\/wp-content\/uploads\/2025\/11\/9F0096BC-F78B-4A04-AEB2-30D2C3D5AD39.jpeg","contentUrl":"https:\/\/mamscouture.fr\/wp-content\/uploads\/2025\/11\/9F0096BC-F78B-4A04-AEB2-30D2C3D5AD39.jpeg","width":414,"height":414},{"@type":"BreadcrumbList","@id":"https:\/\/mamscouture.fr\/?product=couverture-bebe-panda#breadcrumb","itemListElement":[{"@type":"ListItem","position":1,"name":"Accueil","item":"https:\/\/mamscouture.fr\/"},{"@type":"ListItem","position":2,"name":"Boutique","item":"https:\/\/mamscouture.fr\/?page_id=6"},{"@type":"ListItem","position":3,"name":"couverture b\u00e9b\u00e9 panda"}]},{"@type":"WebSite","@id":"https:\/\/mamscouture.fr\/#website","url":"https:\/\/mamscouture.fr\/","name":"Mam&#039;s couture","description":"Un site utilisant WordPress","potentialAction":[{"@type":"SearchAction","target":{"@type":"EntryPoint","urlTemplate":"https:\/\/mamscouture.fr\/?s={search_term_string}"},"query-input":{"@type":"PropertyValueSpecification","valueRequired":true,"valueName":"search_term_string"}}],"inLanguage":"fr-FR"}]}},"jetpack_sharing_enabled":true,"_links":{"self":[{"href":"https:\/\/mamscouture.fr\/index.php?rest_route=\/wp\/v2\/product\/2925","targetHints":{"allow":["GET"]}}],"collection":[{"href":"https:\/\/mamscouture.fr\/index.php?rest_route=\/wp\/v2\/product"}],"about":[{"href":"https:\/\/mamscouture.fr\/index.php?rest_route=\/wp\/v2\/types\/product"}],"replies":[{"embeddable":true,"href":"https:\/\/mamscouture.fr\/index.php?rest_route=%2Fwp%2Fv2%2Fcomments&post=2925"}],"wp:featuredmedia":[{"embeddable":true,"href":"https:\/\/mamscouture.fr\/index.php?rest_route=\/wp\/v2\/media\/2926"}],"wp:attachment":[{"href":"https:\/\/mamscouture.fr\/index.php?rest_route=%2Fwp%2Fv2%2Fmedia&parent=2925"}],"wp:term":[{"taxonomy":"product_cat","embeddable":true,"href":"https:\/\/mamscouture.fr\/index.php?rest_route=%2Fwp%2Fv2%2Fproduct_cat&post=2925"},{"taxonomy":"product_tag","embeddable":true,"href":"https:\/\/mamscouture.fr\/index.php?rest_route=%2Fwp%2Fv2%2Fproduct_tag&post=2925"}],"curies":[{"name":"wp","href":"https:\/\/api.w.org\/{rel}","templated":true}]}}