{"id":59,"date":"2024-08-05T10:48:27","date_gmt":"2024-08-05T08:48:27","guid":{"rendered":"https:\/\/mamscouture.fr\/?page_id=59"},"modified":"2025-11-25T15:30:59","modified_gmt":"2025-11-25T14:30:59","slug":"accueil","status":"publish","type":"page","link":"https:\/\/mamscouture.fr\/","title":{"rendered":"Accueil"},"content":{"rendered":"\t\t<div data-elementor-type=\"wp-page\" data-elementor-id=\"59\" class=\"elementor elementor-59\">\n\t\t\t\t<div class=\"elementor-element elementor-element-2da2b38 e-flex e-con-boxed e-con e-parent\" data-id=\"2da2b38\" data-element_type=\"container\">\n\t\t\t\t\t<div class=\"e-con-inner\">\n\t\t\t\t\t<\/div>\n\t\t\t\t<\/div>\n\t\t<div class=\"elementor-element elementor-element-0efe32d e-flex e-con-boxed e-con e-parent\" data-id=\"0efe32d\" data-element_type=\"container\">\n\t\t\t\t\t<div class=\"e-con-inner\">\n\t\t\t\t<div class=\"elementor-element elementor-element-16be645 elementor-widget elementor-widget-spacer\" data-id=\"16be645\" data-element_type=\"widget\" data-widget_type=\"spacer.default\">\n\t\t\t\t<div class=\"elementor-widget-container\">\n\t\t\t<style>\/*! elementor - v3.23.0 - 25-07-2024 *\/\n.elementor-column .elementor-spacer-inner{height:var(--spacer-size)}.e-con{--container-widget-width:100%}.e-con-inner>.elementor-widget-spacer,.e-con>.elementor-widget-spacer{width:var(--container-widget-width,var(--spacer-size));--align-self:var(--container-widget-align-self,initial);--flex-shrink:0}.e-con-inner>.elementor-widget-spacer>.elementor-widget-container,.e-con>.elementor-widget-spacer>.elementor-widget-container{height:100%;width:100%}.e-con-inner>.elementor-widget-spacer>.elementor-widget-container>.elementor-spacer,.e-con>.elementor-widget-spacer>.elementor-widget-container>.elementor-spacer{height:100%}.e-con-inner>.elementor-widget-spacer>.elementor-widget-container>.elementor-spacer>.elementor-spacer-inner,.e-con>.elementor-widget-spacer>.elementor-widget-container>.elementor-spacer>.elementor-spacer-inner{height:var(--container-widget-height,var(--spacer-size))}.e-con-inner>.elementor-widget-spacer.elementor-widget-empty,.e-con>.elementor-widget-spacer.elementor-widget-empty{position:relative;min-height:22px;min-width:22px}.e-con-inner>.elementor-widget-spacer.elementor-widget-empty .elementor-widget-empty-icon,.e-con>.elementor-widget-spacer.elementor-widget-empty .elementor-widget-empty-icon{position:absolute;top:0;bottom:0;left:0;right:0;margin:auto;padding:0;width:22px;height:22px}<\/style>\t\t<div class=\"elementor-spacer\">\n\t\t\t<div class=\"elementor-spacer-inner\"><\/div>\n\t\t<\/div>\n\t\t\t\t<\/div>\n\t\t\t\t<\/div>\n\t\t\t\t<div class=\"elementor-element elementor-element-3d460d3 elementor-widget elementor-widget-text-editor\" data-id=\"3d460d3\" data-element_type=\"widget\" data-widget_type=\"text-editor.default\">\n\t\t\t\t<div class=\"elementor-widget-container\">\n\t\t\t<style>\/*! elementor - v3.23.0 - 25-07-2024 *\/\n.elementor-widget-text-editor.elementor-drop-cap-view-stacked .elementor-drop-cap{background-color:#69727d;color:#fff}.elementor-widget-text-editor.elementor-drop-cap-view-framed .elementor-drop-cap{color:#69727d;border:3px solid;background-color:transparent}.elementor-widget-text-editor:not(.elementor-drop-cap-view-default) .elementor-drop-cap{margin-top:8px}.elementor-widget-text-editor:not(.elementor-drop-cap-view-default) .elementor-drop-cap-letter{width:1em;height:1em}.elementor-widget-text-editor .elementor-drop-cap{float:left;text-align:center;line-height:1;font-size:50px}.elementor-widget-text-editor .elementor-drop-cap-letter{display:inline-block}<\/style>\t\t\t\t<p>BIENVENUE CHEZ MAM&#8217;S COUTURE\u00a0<\/p>\t\t\t\t\t\t<\/div>\n\t\t\t\t<\/div>\n\t\t\t\t<div class=\"elementor-element elementor-element-f71b48f elementor-widget elementor-widget-text-editor\" data-id=\"f71b48f\" data-element_type=\"widget\" data-widget_type=\"text-editor.default\">\n\t\t\t\t<div class=\"elementor-widget-container\">\n\t\t\t\t\t\t\t<h1 dir=\"auto\"><strong><em>Bienvenue sur ma boutique en ligne.<\/em><\/strong><\/h1><div dir=\"auto\"><strong><em>Maman passionn\u00e9e de couture et broderie<\/em><\/strong><\/div><div dir=\"auto\"><strong><em>je vous propose des articles personnalis\u00e9s et nous cr\u00e9ons sur demande pour vos<\/em><\/strong><\/div><div dir=\"auto\"><strong><em>loulous &#8230;<\/em><\/strong><\/div><div dir=\"auto\"><strong><em>Nous mettrons en valeur vos id\u00e9es avec les n\u00f4tres pour compos\u00e9 compos\u00e9 le<\/em><\/strong><\/div><div dir=\"auto\"><strong><em>plus beau ensemble possible<\/em><\/strong><\/div><div dir=\"auto\"><strong><em>Nous travaillons par passion et mettons tous notre amour dans notre projet !!<\/em><\/strong><\/div>\t\t\t\t\t\t<\/div>\n\t\t\t\t<\/div>\n\t\t\t\t<div class=\"elementor-element elementor-element-b910e57 elementor-widget elementor-widget-image\" data-id=\"b910e57\" data-element_type=\"widget\" data-widget_type=\"image.default\">\n\t\t\t\t<div class=\"elementor-widget-container\">\n\t\t\t<style>\/*! elementor - v3.23.0 - 25-07-2024 *\/\n.elementor-widget-image{text-align:center}.elementor-widget-image a{display:inline-block}.elementor-widget-image a img[src$=\".svg\"]{width:48px}.elementor-widget-image img{vertical-align:middle;display:inline-block}<\/style>\t\t\t\t\t\t\t\t\t\t<img fetchpriority=\"high\" decoding=\"async\" width=\"414\" height=\"414\" src=\"https:\/\/mamscouture.fr\/wp-content\/uploads\/2025\/11\/19DF4800-BA43-4111-A279-61A6C8282261.jpeg\" class=\"attachment-large size-large wp-image-2950\" alt=\"\" srcset=\"https:\/\/mamscouture.fr\/wp-content\/uploads\/2025\/11\/19DF4800-BA43-4111-A279-61A6C8282261.jpeg 414w, https:\/\/mamscouture.fr\/wp-content\/uploads\/2025\/11\/19DF4800-BA43-4111-A279-61A6C8282261-300x300.jpeg 300w, https:\/\/mamscouture.fr\/wp-content\/uploads\/2025\/11\/19DF4800-BA43-4111-A279-61A6C8282261-150x150.jpeg 150w, https:\/\/mamscouture.fr\/wp-content\/uploads\/2025\/11\/19DF4800-BA43-4111-A279-61A6C8282261-100x100.jpeg 100w\" sizes=\"(max-width: 414px) 100vw, 414px\" \/>\t\t\t\t\t\t\t\t\t\t\t\t\t<\/div>\n\t\t\t\t<\/div>\n\t\t\t\t\t<\/div>\n\t\t\t\t<\/div>\n\t\t<div class=\"elementor-element elementor-element-49a06e5 e-grid e-con-boxed e-con e-parent\" data-id=\"49a06e5\" data-element_type=\"container\">\n\t\t\t\t\t<div class=\"e-con-inner\">\n\t\t\t\t<div class=\"elementor-element elementor-element-35218a3 elementor-widget elementor-widget-image\" data-id=\"35218a3\" data-element_type=\"widget\" data-widget_type=\"image.default\">\n\t\t\t\t<div class=\"elementor-widget-container\">\n\t\t\t\t\t\t\t\t\t\t\t\t\t<img decoding=\"async\" width=\"414\" height=\"414\" src=\"https:\/\/mamscouture.fr\/wp-content\/uploads\/2025\/11\/668C4A20-27C4-473E-BDD0-321F00418C95.jpeg\" class=\"attachment-large size-large wp-image-2889\" alt=\"\" srcset=\"https:\/\/mamscouture.fr\/wp-content\/uploads\/2025\/11\/668C4A20-27C4-473E-BDD0-321F00418C95.jpeg 414w, https:\/\/mamscouture.fr\/wp-content\/uploads\/2025\/11\/668C4A20-27C4-473E-BDD0-321F00418C95-300x300.jpeg 300w, https:\/\/mamscouture.fr\/wp-content\/uploads\/2025\/11\/668C4A20-27C4-473E-BDD0-321F00418C95-150x150.jpeg 150w, https:\/\/mamscouture.fr\/wp-content\/uploads\/2025\/11\/668C4A20-27C4-473E-BDD0-321F00418C95-100x100.jpeg 100w\" sizes=\"(max-width: 414px) 100vw, 414px\" \/>\t\t\t\t\t\t\t\t\t\t\t\t\t<\/div>\n\t\t\t\t<\/div>\n\t\t\t\t<div class=\"elementor-element elementor-element-75f40e6 elementor-widget elementor-widget-image\" data-id=\"75f40e6\" data-element_type=\"widget\" data-widget_type=\"image.default\">\n\t\t\t\t<div class=\"elementor-widget-container\">\n\t\t\t\t\t\t\t\t\t\t\t\t\t<img decoding=\"async\" width=\"756\" height=\"1024\" src=\"https:\/\/mamscouture.fr\/wp-content\/uploads\/2025\/11\/C789B9BA-6AF3-4D3A-BB1B-BF12F792C5ED-1-756x1024.jpeg\" class=\"attachment-large size-large wp-image-2820\" alt=\"\" srcset=\"https:\/\/mamscouture.fr\/wp-content\/uploads\/2025\/11\/C789B9BA-6AF3-4D3A-BB1B-BF12F792C5ED-1-756x1024.jpeg 756w, https:\/\/mamscouture.fr\/wp-content\/uploads\/2025\/11\/C789B9BA-6AF3-4D3A-BB1B-BF12F792C5ED-1-222x300.jpeg 222w, https:\/\/mamscouture.fr\/wp-content\/uploads\/2025\/11\/C789B9BA-6AF3-4D3A-BB1B-BF12F792C5ED-1-768x1040.jpeg 768w, https:\/\/mamscouture.fr\/wp-content\/uploads\/2025\/11\/C789B9BA-6AF3-4D3A-BB1B-BF12F792C5ED-1-600x813.jpeg 600w, https:\/\/mamscouture.fr\/wp-content\/uploads\/2025\/11\/C789B9BA-6AF3-4D3A-BB1B-BF12F792C5ED-1.jpeg 940w\" sizes=\"(max-width: 756px) 100vw, 756px\" \/>\t\t\t\t\t\t\t\t\t\t\t\t\t<\/div>\n\t\t\t\t<\/div>\n\t\t\t\t<div class=\"elementor-element elementor-element-7357db9 elementor-widget elementor-widget-image\" data-id=\"7357db9\" data-element_type=\"widget\" data-widget_type=\"image.default\">\n\t\t\t\t<div class=\"elementor-widget-container\">\n\t\t\t\t\t\t\t\t\t\t\t\t\t<img loading=\"lazy\" decoding=\"async\" width=\"414\" height=\"414\" src=\"https:\/\/mamscouture.fr\/wp-content\/uploads\/2025\/11\/7B20EE66-5812-45B6-B0B3-D0EABE253166.jpeg\" class=\"attachment-large size-large wp-image-2888\" alt=\"\" srcset=\"https:\/\/mamscouture.fr\/wp-content\/uploads\/2025\/11\/7B20EE66-5812-45B6-B0B3-D0EABE253166.jpeg 414w, https:\/\/mamscouture.fr\/wp-content\/uploads\/2025\/11\/7B20EE66-5812-45B6-B0B3-D0EABE253166-300x300.jpeg 300w, https:\/\/mamscouture.fr\/wp-content\/uploads\/2025\/11\/7B20EE66-5812-45B6-B0B3-D0EABE253166-150x150.jpeg 150w, https:\/\/mamscouture.fr\/wp-content\/uploads\/2025\/11\/7B20EE66-5812-45B6-B0B3-D0EABE253166-100x100.jpeg 100w\" sizes=\"(max-width: 414px) 100vw, 414px\" \/>\t\t\t\t\t\t\t\t\t\t\t\t\t<\/div>\n\t\t\t\t<\/div>\n\t\t\t\t\t<\/div>\n\t\t\t\t<\/div>\n\t\t\t\t<\/div>\n\t\t","protected":false},"excerpt":{"rendered":"<p>BIENVENUE CHEZ MAM&#8217;S COUTURE\u00a0 Bienvenue sur ma boutique en ligne. Maman passionn\u00e9e de couture et broderieje vous propose des articles [&hellip;]<\/p>\n","protected":false},"author":1,"featured_media":0,"parent":0,"menu_order":0,"comment_status":"closed","ping_status":"closed","template":"","meta":{"site-sidebar-layout":"no-sidebar","site-content-layout":"plain-container","ast-site-content-layout":"full-width-container","site-content-style":"default","site-sidebar-style":"default","ast-global-header-display":"","ast-banner-title-visibility":"","ast-main-header-display":"","ast-hfb-above-header-display":"","ast-hfb-below-header-display":"","ast-hfb-mobile-header-display":"","site-post-title":"disabled","ast-breadcrumbs-content":"","ast-featured-img":"disabled","footer-sml-layout":"","theme-transparent-header-meta":"enabled","adv-header-id-meta":"","stick-header-meta":"","header-above-stick-meta":"","header-main-stick-meta":"","header-below-stick-meta":"","astra-migrate-meta-layouts":"default","ast-page-background-enabled":"default","ast-page-background-meta":{"desktop":{"background-color":"var(--ast-global-color-4)","background-image":"","background-repeat":"repeat","background-position":"center center","background-size":"auto","background-attachment":"scroll","background-type":"","background-media":"","overlay-type":"","overlay-color":"","overlay-opacity":"","overlay-gradient":""},"tablet":{"background-color":"","background-image":"","background-repeat":"repeat","background-position":"center center","background-size":"auto","background-attachment":"scroll","background-type":"","background-media":"","overlay-type":"","overlay-color":"","overlay-opacity":"","overlay-gradient":""},"mobile":{"background-color":"","background-image":"","background-repeat":"repeat","background-position":"center center","background-size":"auto","background-attachment":"scroll","background-type":"","background-media":"","overlay-type":"","overlay-color":"","overlay-opacity":"","overlay-gradient":""}},"ast-content-background-meta":{"desktop":{"background-color":"var(--ast-global-color-5)","background-image":"","background-repeat":"repeat","background-position":"center center","background-size":"auto","background-attachment":"scroll","background-type":"","background-media":"","overlay-type":"","overlay-color":"","overlay-opacity":"","overlay-gradient":""},"tablet":{"background-color":"var(--ast-global-color-5)","background-image":"","background-repeat":"repeat","background-position":"center center","background-size":"auto","background-attachment":"scroll","background-type":"","background-media":"","overlay-type":"","overlay-color":"","overlay-opacity":"","overlay-gradient":""},"mobile":{"background-color":"var(--ast-global-color-5)","background-image":"","background-repeat":"repeat","background-position":"center center","background-size":"auto","background-attachment":"scroll","background-type":"","background-media":"","overlay-type":"","overlay-color":"","overlay-opacity":"","overlay-gradient":""}},"footnotes":""},"class_list":["post-59","page","type-page","status-publish","hentry"],"yoast_head":"<!-- This site is optimized with the Yoast SEO plugin v23.4 - https:\/\/yoast.com\/wordpress\/plugins\/seo\/ -->\n<title>Accueil - Mam&#039;s couture<\/title>\n<meta name=\"description\" content=\"Retrouvez ici des articles brod\u00e9s et personnalis\u00e9s pour toutes la famille, pour se faire plaisir ou pour faire plaisir. Broderie cantal\" \/>\n<meta name=\"robots\" content=\"index, follow, max-snippet:-1, max-image-preview:large, max-video-preview:-1\" \/>\n<link rel=\"canonical\" href=\"https:\/\/mamscouture.fr\/\" \/>\n<meta property=\"og:locale\" content=\"fr_FR\" \/>\n<meta property=\"og:type\" content=\"article\" \/>\n<meta property=\"og:title\" content=\"Accueil - Mam&#039;s couture\" \/>\n<meta property=\"og:description\" content=\"Retrouvez ici des articles brod\u00e9s et personnalis\u00e9s pour toutes la famille, pour se faire plaisir ou pour faire plaisir. Broderie cantal\" \/>\n<meta property=\"og:url\" content=\"https:\/\/mamscouture.fr\/\" \/>\n<meta property=\"og:site_name\" content=\"Mam&#039;s couture\" \/>\n<meta property=\"article:modified_time\" content=\"2025-11-25T14:30:59+00:00\" \/>\n<meta property=\"og:image\" content=\"https:\/\/mamscouture.fr\/wp-content\/uploads\/2025\/11\/19DF4800-BA43-4111-A279-61A6C8282261.jpeg\" \/>\n<meta name=\"twitter:card\" content=\"summary_large_image\" \/>\n<meta name=\"twitter:label1\" content=\"Dur\u00e9e de lecture estim\u00e9e\" \/>\n\t<meta name=\"twitter:data1\" content=\"2 minutes\" \/>\n<script type=\"application\/ld+json\" class=\"yoast-schema-graph\">{\"@context\":\"https:\/\/schema.org\",\"@graph\":[{\"@type\":\"WebPage\",\"@id\":\"https:\/\/mamscouture.fr\/\",\"url\":\"https:\/\/mamscouture.fr\/\",\"name\":\"Accueil - Mam&#039;s couture\",\"isPartOf\":{\"@id\":\"https:\/\/mamscouture.fr\/#website\"},\"primaryImageOfPage\":{\"@id\":\"https:\/\/mamscouture.fr\/#primaryimage\"},\"image\":{\"@id\":\"https:\/\/mamscouture.fr\/#primaryimage\"},\"thumbnailUrl\":\"https:\/\/mamscouture.fr\/wp-content\/uploads\/2025\/11\/19DF4800-BA43-4111-A279-61A6C8282261.jpeg\",\"datePublished\":\"2024-08-05T08:48:27+00:00\",\"dateModified\":\"2025-11-25T14:30:59+00:00\",\"description\":\"Retrouvez ici des articles brod\u00e9s et personnalis\u00e9s pour toutes la famille, pour se faire plaisir ou pour faire plaisir. Broderie cantal\",\"breadcrumb\":{\"@id\":\"https:\/\/mamscouture.fr\/#breadcrumb\"},\"inLanguage\":\"fr-FR\",\"potentialAction\":[{\"@type\":\"ReadAction\",\"target\":[\"https:\/\/mamscouture.fr\/\"]}]},{\"@type\":\"ImageObject\",\"inLanguage\":\"fr-FR\",\"@id\":\"https:\/\/mamscouture.fr\/#primaryimage\",\"url\":\"https:\/\/mamscouture.fr\/wp-content\/uploads\/2025\/11\/19DF4800-BA43-4111-A279-61A6C8282261.jpeg\",\"contentUrl\":\"https:\/\/mamscouture.fr\/wp-content\/uploads\/2025\/11\/19DF4800-BA43-4111-A279-61A6C8282261.jpeg\",\"width\":414,\"height\":414},{\"@type\":\"BreadcrumbList\",\"@id\":\"https:\/\/mamscouture.fr\/#breadcrumb\",\"itemListElement\":[{\"@type\":\"ListItem\",\"position\":1,\"name\":\"Accueil\",\"item\":\"https:\/\/mamscouture.fr\/\"},{\"@type\":\"ListItem\",\"position\":2,\"name\":\"Accueil\"}]},{\"@type\":\"WebSite\",\"@id\":\"https:\/\/mamscouture.fr\/#website\",\"url\":\"https:\/\/mamscouture.fr\/\",\"name\":\"Mam&#039;s couture\",\"description\":\"Un site utilisant WordPress\",\"potentialAction\":[{\"@type\":\"SearchAction\",\"target\":{\"@type\":\"EntryPoint\",\"urlTemplate\":\"https:\/\/mamscouture.fr\/?s={search_term_string}\"},\"query-input\":{\"@type\":\"PropertyValueSpecification\",\"valueRequired\":true,\"valueName\":\"search_term_string\"}}],\"inLanguage\":\"fr-FR\"}]}<\/script>\n<!-- \/ Yoast SEO plugin. -->","yoast_head_json":{"title":"Accueil - Mam&#039;s couture","description":"Retrouvez ici des articles brod\u00e9s et personnalis\u00e9s pour toutes la famille, pour se faire plaisir ou pour faire plaisir. Broderie cantal","robots":{"index":"index","follow":"follow","max-snippet":"max-snippet:-1","max-image-preview":"max-image-preview:large","max-video-preview":"max-video-preview:-1"},"canonical":"https:\/\/mamscouture.fr\/","og_locale":"fr_FR","og_type":"article","og_title":"Accueil - Mam&#039;s couture","og_description":"Retrouvez ici des articles brod\u00e9s et personnalis\u00e9s pour toutes la famille, pour se faire plaisir ou pour faire plaisir. Broderie cantal","og_url":"https:\/\/mamscouture.fr\/","og_site_name":"Mam&#039;s couture","article_modified_time":"2025-11-25T14:30:59+00:00","og_image":[{"url":"https:\/\/mamscouture.fr\/wp-content\/uploads\/2025\/11\/19DF4800-BA43-4111-A279-61A6C8282261.jpeg"}],"twitter_card":"summary_large_image","twitter_misc":{"Dur\u00e9e de lecture estim\u00e9e":"2 minutes"},"schema":{"@context":"https:\/\/schema.org","@graph":[{"@type":"WebPage","@id":"https:\/\/mamscouture.fr\/","url":"https:\/\/mamscouture.fr\/","name":"Accueil - Mam&#039;s couture","isPartOf":{"@id":"https:\/\/mamscouture.fr\/#website"},"primaryImageOfPage":{"@id":"https:\/\/mamscouture.fr\/#primaryimage"},"image":{"@id":"https:\/\/mamscouture.fr\/#primaryimage"},"thumbnailUrl":"https:\/\/mamscouture.fr\/wp-content\/uploads\/2025\/11\/19DF4800-BA43-4111-A279-61A6C8282261.jpeg","datePublished":"2024-08-05T08:48:27+00:00","dateModified":"2025-11-25T14:30:59+00:00","description":"Retrouvez ici des articles brod\u00e9s et personnalis\u00e9s pour toutes la famille, pour se faire plaisir ou pour faire plaisir. Broderie cantal","breadcrumb":{"@id":"https:\/\/mamscouture.fr\/#breadcrumb"},"inLanguage":"fr-FR","potentialAction":[{"@type":"ReadAction","target":["https:\/\/mamscouture.fr\/"]}]},{"@type":"ImageObject","inLanguage":"fr-FR","@id":"https:\/\/mamscouture.fr\/#primaryimage","url":"https:\/\/mamscouture.fr\/wp-content\/uploads\/2025\/11\/19DF4800-BA43-4111-A279-61A6C8282261.jpeg","contentUrl":"https:\/\/mamscouture.fr\/wp-content\/uploads\/2025\/11\/19DF4800-BA43-4111-A279-61A6C8282261.jpeg","width":414,"height":414},{"@type":"BreadcrumbList","@id":"https:\/\/mamscouture.fr\/#breadcrumb","itemListElement":[{"@type":"ListItem","position":1,"name":"Accueil","item":"https:\/\/mamscouture.fr\/"},{"@type":"ListItem","position":2,"name":"Accueil"}]},{"@type":"WebSite","@id":"https:\/\/mamscouture.fr\/#website","url":"https:\/\/mamscouture.fr\/","name":"Mam&#039;s couture","description":"Un site utilisant WordPress","potentialAction":[{"@type":"SearchAction","target":{"@type":"EntryPoint","urlTemplate":"https:\/\/mamscouture.fr\/?s={search_term_string}"},"query-input":{"@type":"PropertyValueSpecification","valueRequired":true,"valueName":"search_term_string"}}],"inLanguage":"fr-FR"}]}},"jetpack_sharing_enabled":true,"_links":{"self":[{"href":"https:\/\/mamscouture.fr\/index.php?rest_route=\/wp\/v2\/pages\/59","targetHints":{"allow":["GET"]}}],"collection":[{"href":"https:\/\/mamscouture.fr\/index.php?rest_route=\/wp\/v2\/pages"}],"about":[{"href":"https:\/\/mamscouture.fr\/index.php?rest_route=\/wp\/v2\/types\/page"}],"author":[{"embeddable":true,"href":"https:\/\/mamscouture.fr\/index.php?rest_route=\/wp\/v2\/users\/1"}],"replies":[{"embeddable":true,"href":"https:\/\/mamscouture.fr\/index.php?rest_route=%2Fwp%2Fv2%2Fcomments&post=59"}],"version-history":[{"count":55,"href":"https:\/\/mamscouture.fr\/index.php?rest_route=\/wp\/v2\/pages\/59\/revisions"}],"predecessor-version":[{"id":4648,"href":"https:\/\/mamscouture.fr\/index.php?rest_route=\/wp\/v2\/pages\/59\/revisions\/4648"}],"wp:attachment":[{"href":"https:\/\/mamscouture.fr\/index.php?rest_route=%2Fwp%2Fv2%2Fmedia&parent=59"}],"curies":[{"name":"wp","href":"https:\/\/api.w.org\/{rel}","templated":true}]}}